{"id":1440,"date":"2025-08-02T13:54:28","date_gmt":"2025-08-02T11:54:28","guid":{"rendered":"https:\/\/hhce.eu\/uebersetzung-von-websites\/"},"modified":"2025-12-18T14:42:21","modified_gmt":"2025-12-18T13:42:21","slug":"uebersetzung-von-websites","status":"publish","type":"page","link":"https:\/\/hhce.eu\/de\/uebersetzung-von-websites\/","title":{"rendered":"\u00dcbersetzung von Websites"},"content":{"rendered":"\t\t<div data-elementor-type=\"wp-page\" data-elementor-id=\"1440\" class=\"elementor elementor-1440 elementor-615\" data-elementor-post-type=\"page\">\n\t\t\t\t<div class=\"elementor-element elementor-element-372a0f8 e-flex e-con-boxed e-con e-parent\" data-id=\"372a0f8\" data-element_type=\"container\">\n\t\t\t\t\t<div class=\"e-con-inner\">\n\t\t\t\t<div class=\"elementor-element elementor-element-11904e2 elementor-widget__width-initial elementor-widget elementor-widget-heading\" data-id=\"11904e2\" data-element_type=\"widget\" data-widget_type=\"heading.default\">\n\t\t\t\t\t<h1 class=\"elementor-heading-title elementor-size-default\">\u00dcbersetzung von Websites\n<\/h1>\t\t\t\t<\/div>\n\t\t\t\t<div class=\"elementor-element elementor-element-37afe42 elementor-widget__width-initial elementor-widget elementor-widget-text-editor\" data-id=\"37afe42\" data-element_type=\"widget\" data-widget_type=\"text-editor.default\">\n\t\t\t\t\t\t\t\t\t<section class=\"intro\"><div class=\"container\"><div class=\"row\"><div class=\"col-12 col-md-9 col-lg-9\"><p>Mindestens 75\u00a0% der Internetnutzerinnen und -nutzer kaufen Produkte nur dann, wenn Informationen in ihrer eigenen Sprache verf\u00fcgbar sind. Das hei\u00dft, dass eine mehrsprachige Website gro\u00dfe Chancen bietet. Es stellt sich eigentlich nur die Frage, wie man eine Website am besten \u00fcbersetzt.<\/p><\/div><\/div><\/div><\/section>\t\t\t\t\t\t\t\t<\/div>\n\t\t\t\t<div class=\"elementor-element elementor-element-1c34a07 caret-white elementor-widget elementor-widget-button\" data-id=\"1c34a07\" data-element_type=\"widget\" data-widget_type=\"button.default\">\n\t\t\t\t\t\t\t\t\t\t<a class=\"elementor-button elementor-button-link elementor-size-sm\" href=\"https:\/\/hhce.eu\/de\/kontakt\/\">\n\t\t\t\t\t\t<span class=\"elementor-button-content-wrapper\">\n\t\t\t\t\t\t<span class=\"elementor-button-icon\">\n\t\t\t\t<svg aria-hidden=\"true\" class=\"e-font-icon-svg e-fas-caret-right\" viewBox=\"0 0 192 512\" xmlns=\"http:\/\/www.w3.org\/2000\/svg\"><path d=\"M0 384.662V127.338c0-17.818 21.543-26.741 34.142-14.142l128.662 128.662c7.81 7.81 7.81 20.474 0 28.284L34.142 398.804C21.543 411.404 0 402.48 0 384.662z\"><\/path><\/svg>\t\t\t<\/span>\n\t\t\t\t\t\t\t\t\t<span class=\"elementor-button-text\">Kontakt<\/span>\n\t\t\t\t\t<\/span>\n\t\t\t\t\t<\/a>\n\t\t\t\t\t\t\t\t<\/div>\n\t\t\t\t\t<\/div>\n\t\t\t\t<\/div>\n\t\t<div class=\"elementor-element elementor-element-479d14c e-con-full e-flex e-con e-parent\" data-id=\"479d14c\" data-element_type=\"container\" data-settings=\"{&quot;background_background&quot;:&quot;classic&quot;}\">\n\t\t<div class=\"elementor-element elementor-element-9dc25aa e-con-full e-flex e-con e-child\" data-id=\"9dc25aa\" data-element_type=\"container\">\n\t\t\t\t<div class=\"elementor-element elementor-element-834990b elementor-widget elementor-widget-image\" data-id=\"834990b\" data-element_type=\"widget\" data-widget_type=\"image.default\">\n\t\t\t\t\t\t\t\t\t\t\t\t\t\t\t<img fetchpriority=\"high\" decoding=\"async\" width=\"1201\" height=\"900\" src=\"https:\/\/hhce.eu\/wp-content\/uploads\/2025\/08\/websites-translations_01.png\" class=\"attachment-full size-full wp-image-1239\" alt=\"\" srcset=\"https:\/\/hhce.eu\/wp-content\/uploads\/2025\/08\/websites-translations_01.png 1201w, https:\/\/hhce.eu\/wp-content\/uploads\/2025\/08\/websites-translations_01-300x225.png 300w, https:\/\/hhce.eu\/wp-content\/uploads\/2025\/08\/websites-translations_01-1024x767.png 1024w, https:\/\/hhce.eu\/wp-content\/uploads\/2025\/08\/websites-translations_01-768x576.png 768w\" sizes=\"(max-width: 1201px) 100vw, 1201px\" \/>\t\t\t\t\t\t\t\t\t\t\t\t\t\t\t<\/div>\n\t\t\t\t<\/div>\n\t\t<div class=\"elementor-element elementor-element-d1f63b9 e-con-full e-flex e-con e-child\" data-id=\"d1f63b9\" data-element_type=\"container\">\n\t\t\t\t<div class=\"elementor-element elementor-element-bd8a19d elementor-widget elementor-widget-heading\" data-id=\"bd8a19d\" data-element_type=\"widget\" data-widget_type=\"heading.default\">\n\t\t\t\t\t<h2 class=\"elementor-heading-title elementor-size-default\">Ein professioneller Ansatz\n<\/h2>\t\t\t\t<\/div>\n\t\t\t\t<div class=\"elementor-element elementor-element-5d69266 elementor-widget elementor-widget-text-editor\" data-id=\"5d69266\" data-element_type=\"widget\" data-widget_type=\"text-editor.default\">\n\t\t\t\t\t\t\t\t\t<section class=\"section-content highlight-background-50-l twee-koloms-50\"><div class=\"container\"><div class=\"row justify-content-end\"><div class=\"col-12 col-md-6\"><div><p>Ebenso wie f\u00fcr Ihre \u00fcbrige Kommunikation w\u00e4hlen Sie bei der \u00dcbersetzung Ihrer Website einen professionellen Ansatz und eine erfahrene und zertifizierte Agentur, die schnell und kosteneffizient arbeitet. HHCE \u00fcbersetzt Websites professionell. Wenn Sie uns fr\u00fchzeitig beauftragen, beraten wir uns mit Ihrem Web Developer und erstellen einen Plan zur \u00dcbersetzung Ihrer Website.<\/p><\/div><\/div><\/div><\/div><\/section>\t\t\t\t\t\t\t\t<\/div>\n\t\t\t\t<\/div>\n\t\t\t\t<\/div>\n\t\t<div class=\"elementor-element elementor-element-a4e6b12 e-flex e-con-boxed e-con e-parent\" data-id=\"a4e6b12\" data-element_type=\"container\">\n\t\t\t\t\t<div class=\"e-con-inner\">\n\t\t\t\t<div class=\"elementor-element elementor-element-2f90e79 elementor-widget elementor-widget-heading\" data-id=\"2f90e79\" data-element_type=\"widget\" data-widget_type=\"heading.default\">\n\t\t\t\t\t<h2 class=\"elementor-heading-title elementor-size-default\">Es geht auch ohne Kopieren und Einf\u00fcgen\n<\/h2>\t\t\t\t<\/div>\n\t\t\t\t<div class=\"elementor-element elementor-element-83e9e76 elementor-widget elementor-widget-text-editor\" data-id=\"83e9e76\" data-element_type=\"widget\" data-widget_type=\"text-editor.default\">\n\t\t\t\t\t\t\t\t\t<section class=\"section-content\"><div class=\"container\"><div class=\"row justify-content-center\"><div class=\"col-12\"><div><p>Wir erhalten h\u00e4ufig Excel- oder Worddateien von Unternehmen, die ihre Website \u00fcbersetzen lassen wollen. Das ist jedoch nicht notwendig und kostet zudem noch viel Zeit und Energie. HHCE hat umfassende Erfahrungen mit Content-Management-Systemen und verwendet fortschrittliche \u00dcbersetzungs-Plugins, die die \u00dcbersetzungen erheblich erleichtern. Kontaktieren Sie uns, bevor Sie den Inhalt Ihrer Website kopieren und in ein Excel- oder Worddokument einf\u00fcgen \u2013 gemeinsam w\u00e4hlen wir die beste Vorgehensweise aus.<\/p><\/div><\/div><\/div><\/div><\/section>\t\t\t\t\t\t\t\t<\/div>\n\t\t\t\t\t<\/div>\n\t\t\t\t<\/div>\n\t\t<div class=\"elementor-element elementor-element-d106ed4 e-con-full e-flex e-con e-parent\" data-id=\"d106ed4\" data-element_type=\"container\" data-settings=\"{&quot;background_background&quot;:&quot;classic&quot;}\">\n\t\t<div class=\"elementor-element elementor-element-4f0578d e-con-full e-flex e-con e-child\" data-id=\"4f0578d\" data-element_type=\"container\">\n\t\t\t\t<div class=\"elementor-element elementor-element-4f5ea1a elementor-widget elementor-widget-image\" data-id=\"4f5ea1a\" data-element_type=\"widget\" data-widget_type=\"image.default\">\n\t\t\t\t\t\t\t\t\t\t\t\t\t\t\t<img decoding=\"async\" width=\"1147\" height=\"900\" src=\"https:\/\/hhce.eu\/wp-content\/uploads\/2025\/08\/websites-translations_02.png\" class=\"attachment-full size-full wp-image-1245\" alt=\"\" srcset=\"https:\/\/hhce.eu\/wp-content\/uploads\/2025\/08\/websites-translations_02.png 1147w, https:\/\/hhce.eu\/wp-content\/uploads\/2025\/08\/websites-translations_02-300x235.png 300w, https:\/\/hhce.eu\/wp-content\/uploads\/2025\/08\/websites-translations_02-1024x803.png 1024w, https:\/\/hhce.eu\/wp-content\/uploads\/2025\/08\/websites-translations_02-768x603.png 768w\" sizes=\"(max-width: 1147px) 100vw, 1147px\" \/>\t\t\t\t\t\t\t\t\t\t\t\t\t\t\t<\/div>\n\t\t\t\t<\/div>\n\t\t<div class=\"elementor-element elementor-element-c02d798 e-con-full e-flex e-con e-child\" data-id=\"c02d798\" data-element_type=\"container\">\n\t\t\t\t<div class=\"elementor-element elementor-element-44e7019 elementor-widget elementor-widget-heading\" data-id=\"44e7019\" data-element_type=\"widget\" data-widget_type=\"heading.default\">\n\t\t\t\t\t<h2 class=\"elementor-heading-title elementor-size-default\">WordPress, Umbraco und andere CMS\n<\/h2>\t\t\t\t<\/div>\n\t\t\t\t<div class=\"elementor-element elementor-element-ae97fc5 elementor-widget elementor-widget-text-editor\" data-id=\"ae97fc5\" data-element_type=\"widget\" data-widget_type=\"text-editor.default\">\n\t\t\t\t\t\t\t\t\t<section class=\"section-content highlight-background-50-l twee-koloms-50\"><div class=\"container\"><div class=\"row justify-content-end\"><div class=\"col-12 col-md-6\"><div><p>Die meisten Websites, die in einem Content-Management-System (CMS) erstellt wurden, k\u00f6nnen h\u00e4ufig unkompliziert \u00fcbersetzt werden, indem die Texte exportiert und die \u00dcbersetzungen anschlie\u00dfend wieder importiert werden. Dazu verwenden wir Plugins oder die eigene Funktionalit\u00e4t des CMS. Auf diese Weise bleiben auch alle Men\u00fcs, Meta-Tags und Links erhalten. Au\u00dferdem behalten wir so w\u00e4hrend der \u00dcbersetzung den \u00dcberblick \u00fcber den Zusammenhang zwischen den einzelnen Seiten der Websites.<\/p><\/div><\/div><\/div><\/div><\/section>\t\t\t\t\t\t\t\t<\/div>\n\t\t\t\t<\/div>\n\t\t\t\t<\/div>\n\t\t<div class=\"elementor-element elementor-element-b11b69f e-flex e-con-boxed e-con e-parent\" data-id=\"b11b69f\" data-element_type=\"container\" data-settings=\"{&quot;background_background&quot;:&quot;classic&quot;}\">\n\t\t\t\t\t<div class=\"e-con-inner\">\n\t\t<div class=\"elementor-element elementor-element-45347cf e-con-full e-flex e-con e-child\" data-id=\"45347cf\" data-element_type=\"container\">\n\t\t\t\t<div class=\"elementor-element elementor-element-7504cb0 elementor-widget elementor-widget-heading\" data-id=\"7504cb0\" data-element_type=\"widget\" data-widget_type=\"heading.default\">\n\t\t\t\t\t<h2 class=\"elementor-heading-title elementor-size-default\">Eine Website \u00fcbersetzen lassen?\n<\/h2>\t\t\t\t<\/div>\n\t\t\t\t<div class=\"elementor-element elementor-element-0d17fc4 elementor-widget elementor-widget-heading\" data-id=\"0d17fc4\" data-element_type=\"widget\" data-widget_type=\"heading.default\">\n\t\t\t\t\t<h3 class=\"elementor-heading-title elementor-size-default\">Kontaktieren Sie Henk\n\n<\/h3>\t\t\t\t<\/div>\n\t\t\t\t<div class=\"elementor-element elementor-element-531122c elementor-widget elementor-widget-text-editor\" data-id=\"531122c\" data-element_type=\"widget\" data-widget_type=\"text-editor.default\">\n\t\t\t\t\t\t\t\t\t<p>Sie m\u00f6chten Ihre Website auch in anderen Sprachen anbieten, das erscheint Ihnen aber viel Arbeit. Wir haben in den meisten F\u00e4llen eine technische L\u00f6sung, die viel Zeit einspart. Und wenn Sie Zweifel daran haben, ob alles auch funktioniert, dann f\u00fchren wir gemeinsam mit Ihnen zuerst einige Tests durch.<\/p>\t\t\t\t\t\t\t\t<\/div>\n\t\t\t\t<div class=\"elementor-element elementor-element-beac413 elementor-mobile-align-left caret-indent elementor-widget elementor-widget-button\" data-id=\"beac413\" data-element_type=\"widget\" data-widget_type=\"button.default\">\n\t\t\t\t\t\t\t\t\t\t<a class=\"elementor-button elementor-button-link elementor-size-sm\" href=\"https:\/\/hhce.eu\/de\/kontakt\/\">\n\t\t\t\t\t\t<span class=\"elementor-button-content-wrapper\">\n\t\t\t\t\t\t<span class=\"elementor-button-icon\">\n\t\t\t\t<svg aria-hidden=\"true\" class=\"e-font-icon-svg e-fas-caret-right\" viewBox=\"0 0 192 512\" xmlns=\"http:\/\/www.w3.org\/2000\/svg\"><path d=\"M0 384.662V127.338c0-17.818 21.543-26.741 34.142-14.142l128.662 128.662c7.81 7.81 7.81 20.474 0 28.284L34.142 398.804C21.543 411.404 0 402.48 0 384.662z\"><\/path><\/svg>\t\t\t<\/span>\n\t\t\t\t\t\t\t\t\t<span class=\"elementor-button-text\">Kontaktieren Sie uns<\/span>\n\t\t\t\t\t<\/span>\n\t\t\t\t\t<\/a>\n\t\t\t\t\t\t\t\t<\/div>\n\t\t\t\t<\/div>\n\t\t<div class=\"elementor-element elementor-element-d689ea7 e-con-full e-flex e-con e-child\" data-id=\"d689ea7\" data-element_type=\"container\">\n\t\t\t\t<div class=\"elementor-element elementor-element-3c03fea team-member elementor-widget elementor-widget-image\" data-id=\"3c03fea\" data-element_type=\"widget\" data-widget_type=\"image.default\">\n\t\t\t\t\t\t\t\t\t\t\t\t\t\t\t<img decoding=\"async\" width=\"800\" height=\"820\" src=\"https:\/\/hhce.eu\/wp-content\/uploads\/2025\/07\/henk-web-3.png\" class=\"attachment-large size-large wp-image-1005\" alt=\"\" srcset=\"https:\/\/hhce.eu\/wp-content\/uploads\/2025\/07\/henk-web-3.png 800w, https:\/\/hhce.eu\/wp-content\/uploads\/2025\/07\/henk-web-3-293x300.png 293w, https:\/\/hhce.eu\/wp-content\/uploads\/2025\/07\/henk-web-3-768x787.png 768w\" sizes=\"(max-width: 800px) 100vw, 800px\" \/>\t\t\t\t\t\t\t\t\t\t\t\t\t\t\t<\/div>\n\t\t\t\t<\/div>\n\t\t\t\t\t<\/div>\n\t\t\t\t<\/div>\n\t\t<div class=\"elementor-element elementor-element-79acf15 e-flex e-con-boxed e-con e-parent\" data-id=\"79acf15\" data-element_type=\"container\">\n\t\t\t\t\t<div class=\"e-con-inner\">\n\t\t\t\t<div class=\"elementor-element elementor-element-b769102 elementor-widget elementor-widget-text-editor\" data-id=\"b769102\" data-element_type=\"widget\" data-widget_type=\"text-editor.default\">\n\t\t\t\t\t\t\t\t\t<p>Teilen Sie diese Seite<\/p>\t\t\t\t\t\t\t\t<\/div>\n\t\t\t\t<div class=\"elementor-element elementor-element-a712fcd elementor-share-buttons--view-icon elementor-share-buttons--skin-framed elementor-share-buttons--shape-circle elementor-share-buttons--color-custom elementor-grid-0 elementor-widget elementor-widget-share-buttons\" data-id=\"a712fcd\" data-element_type=\"widget\" data-widget_type=\"share-buttons.default\">\n\t\t\t\t\t\t\t<div class=\"elementor-grid\" role=\"list\">\n\t\t\t\t\t\t\t\t<div class=\"elementor-grid-item\" role=\"listitem\">\n\t\t\t\t\t\t<div class=\"elementor-share-btn elementor-share-btn_linkedin\" role=\"button\" tabindex=\"0\" aria-label=\"Teilen auf linkedin\">\n\t\t\t\t\t\t\t\t\t\t\t\t\t\t\t<span class=\"elementor-share-btn__icon\">\n\t\t\t\t\t\t\t\t<svg aria-hidden=\"true\" class=\"e-font-icon-svg e-fab-linkedin\" viewBox=\"0 0 448 512\" xmlns=\"http:\/\/www.w3.org\/2000\/svg\"><path d=\"M416 32H31.9C14.3 32 0 46.5 0 64.3v383.4C0 465.5 14.3 480 31.9 480H416c17.6 0 32-14.5 32-32.3V64.3c0-17.8-14.4-32.3-32-32.3zM135.4 416H69V202.2h66.5V416zm-33.2-243c-21.3 0-38.5-17.3-38.5-38.5S80.9 96 102.2 96c21.2 0 38.5 17.3 38.5 38.5 0 21.3-17.2 38.5-38.5 38.5zm282.1 243h-66.4V312c0-24.8-.5-56.7-34.5-56.7-34.6 0-39.9 27-39.9 54.9V416h-66.4V202.2h63.7v29.2h.9c8.9-16.8 30.6-34.5 62.9-34.5 67.2 0 79.7 44.3 79.7 101.9V416z\"><\/path><\/svg>\t\t\t\t\t\t\t<\/span>\n\t\t\t\t\t\t\t\t\t\t\t\t\t\t\t\t\t\t\t\t<\/div>\n\t\t\t\t\t<\/div>\n\t\t\t\t\t\t\t\t\t<div class=\"elementor-grid-item\" role=\"listitem\">\n\t\t\t\t\t\t<div class=\"elementor-share-btn elementor-share-btn_twitter\" role=\"button\" tabindex=\"0\" aria-label=\"Teilen auf twitter\">\n\t\t\t\t\t\t\t\t\t\t\t\t\t\t\t<span class=\"elementor-share-btn__icon\">\n\t\t\t\t\t\t\t\t<svg aria-hidden=\"true\" class=\"e-font-icon-svg e-fab-twitter\" viewBox=\"0 0 512 512\" xmlns=\"http:\/\/www.w3.org\/2000\/svg\"><path d=\"M459.37 151.716c.325 4.548.325 9.097.325 13.645 0 138.72-105.583 298.558-298.558 298.558-59.452 0-114.68-17.219-161.137-47.106 8.447.974 16.568 1.299 25.34 1.299 49.055 0 94.213-16.568 130.274-44.832-46.132-.975-84.792-31.188-98.112-72.772 6.498.974 12.995 1.624 19.818 1.624 9.421 0 18.843-1.3 27.614-3.573-48.081-9.747-84.143-51.98-84.143-102.985v-1.299c13.969 7.797 30.214 12.67 47.431 13.319-28.264-18.843-46.781-51.005-46.781-87.391 0-19.492 5.197-37.36 14.294-52.954 51.655 63.675 129.3 105.258 216.365 109.807-1.624-7.797-2.599-15.918-2.599-24.04 0-57.828 46.782-104.934 104.934-104.934 30.213 0 57.502 12.67 76.67 33.137 23.715-4.548 46.456-13.32 66.599-25.34-7.798 24.366-24.366 44.833-46.132 57.827 21.117-2.273 41.584-8.122 60.426-16.243-14.292 20.791-32.161 39.308-52.628 54.253z\"><\/path><\/svg>\t\t\t\t\t\t\t<\/span>\n\t\t\t\t\t\t\t\t\t\t\t\t\t\t\t\t\t\t\t\t<\/div>\n\t\t\t\t\t<\/div>\n\t\t\t\t\t\t<\/div>\n\t\t\t\t\t\t<\/div>\n\t\t\t\t\t<\/div>\n\t\t\t\t<\/div>\n\t\t\t\t<\/div>\n\t\t","protected":false},"excerpt":{"rendered":"<p>\u00dcbersetzung von Websites Mindestens 75\u00a0% der Internetnutzerinnen und -nutzer kaufen Produkte nur dann, wenn Informationen in ihrer eigenen Sprache verf\u00fcgbar sind. Das hei\u00dft, dass eine mehrsprachige Website gro\u00dfe Chancen bietet. Es stellt sich eigentlich nur die Frage, wie man eine Website am besten \u00fcbersetzt. Kontakt Ein professioneller Ansatz Ebenso wie f\u00fcr Ihre \u00fcbrige Kommunikation w\u00e4hlen [&hellip;]<\/p>\n","protected":false},"author":1,"featured_media":0,"parent":0,"menu_order":0,"comment_status":"closed","ping_status":"closed","template":"","meta":{"footnotes":""},"class_list":["post-1440","page","type-page","status-publish","hentry"],"_links":{"self":[{"href":"https:\/\/hhce.eu\/de\/wp-json\/wp\/v2\/pages\/1440","targetHints":{"allow":["GET"]}}],"collection":[{"href":"https:\/\/hhce.eu\/de\/wp-json\/wp\/v2\/pages"}],"about":[{"href":"https:\/\/hhce.eu\/de\/wp-json\/wp\/v2\/types\/page"}],"author":[{"embeddable":true,"href":"https:\/\/hhce.eu\/de\/wp-json\/wp\/v2\/users\/1"}],"replies":[{"embeddable":true,"href":"https:\/\/hhce.eu\/de\/wp-json\/wp\/v2\/comments?post=1440"}],"version-history":[{"count":0,"href":"https:\/\/hhce.eu\/de\/wp-json\/wp\/v2\/pages\/1440\/revisions"}],"wp:attachment":[{"href":"https:\/\/hhce.eu\/de\/wp-json\/wp\/v2\/media?parent=1440"}],"curies":[{"name":"wp","href":"https:\/\/api.w.org\/{rel}","templated":true}]}}