{"id":1448,"date":"2025-08-02T13:33:51","date_gmt":"2025-08-02T11:33:51","guid":{"rendered":"https:\/\/hhce.eu\/textredaktion\/"},"modified":"2025-12-18T14:39:28","modified_gmt":"2025-12-18T13:39:28","slug":"textredaktion","status":"publish","type":"page","link":"https:\/\/hhce.eu\/de\/textredaktion\/","title":{"rendered":"Textredaktion"},"content":{"rendered":"\t\t<div data-elementor-type=\"wp-page\" data-elementor-id=\"1448\" class=\"elementor elementor-1448 elementor-585\" data-elementor-post-type=\"page\">\n\t\t\t\t<div class=\"elementor-element elementor-element-a7617f1 e-flex e-con-boxed e-con e-parent\" data-id=\"a7617f1\" data-element_type=\"container\">\n\t\t\t\t\t<div class=\"e-con-inner\">\n\t\t\t\t<div class=\"elementor-element elementor-element-06b0932 elementor-widget__width-initial elementor-widget elementor-widget-heading\" data-id=\"06b0932\" data-element_type=\"widget\" data-widget_type=\"heading.default\">\n\t\t\t\t\t<h1 class=\"elementor-heading-title elementor-size-default\">Textredaktion<\/h1>\t\t\t\t<\/div>\n\t\t\t\t<div class=\"elementor-element elementor-element-f17918a elementor-widget__width-initial elementor-widget elementor-widget-text-editor\" data-id=\"f17918a\" data-element_type=\"widget\" data-widget_type=\"text-editor.default\">\n\t\t\t\t\t\t\t\t\t<section class=\"intro\"><div class=\"container\"><div class=\"row\"><div class=\"col-12 col-md-9 col-lg-9\"><section class=\"intro\"><div class=\"container\"><div class=\"row\"><div class=\"col-12 col-md-9 col-lg-9\"><p>Sie haben einen Text in einer Sprache verfasst, die Sie gut beherrschen, aber der Text ist nicht so geworden, wie Sie es sich vorgestellt haben. Kurzum: Ihren Text sollte sich eine Textredakteurin oder ein Textredakteur ansehen. HHCE \u00fcbernimmt das f\u00fcr Sie. Unsere Muttersprachlerinnen und Muttersprachler redigieren professionell, sodass der Text nat\u00fcrlich wirkt und dar\u00fcber hinaus Ihren Zielvorgaben einwandfrei entspricht. Sie leisten die Vorarbeit und wir erledigen den Rest.<\/p><\/div><\/div><\/div><\/section><\/div><\/div><\/div><\/section>\t\t\t\t\t\t\t\t<\/div>\n\t\t\t\t<div class=\"elementor-element elementor-element-b97dd49 caret-white elementor-widget elementor-widget-button\" data-id=\"b97dd49\" data-element_type=\"widget\" data-widget_type=\"button.default\">\n\t\t\t\t\t\t\t\t\t\t<a class=\"elementor-button elementor-button-link elementor-size-sm\" href=\"https:\/\/hhce.eu\/de\/kontakt\/\">\n\t\t\t\t\t\t<span class=\"elementor-button-content-wrapper\">\n\t\t\t\t\t\t<span class=\"elementor-button-icon\">\n\t\t\t\t<svg aria-hidden=\"true\" class=\"e-font-icon-svg e-fas-caret-right\" viewBox=\"0 0 192 512\" xmlns=\"http:\/\/www.w3.org\/2000\/svg\"><path d=\"M0 384.662V127.338c0-17.818 21.543-26.741 34.142-14.142l128.662 128.662c7.81 7.81 7.81 20.474 0 28.284L34.142 398.804C21.543 411.404 0 402.48 0 384.662z\"><\/path><\/svg>\t\t\t<\/span>\n\t\t\t\t\t\t\t\t\t<span class=\"elementor-button-text\">Kontakt<\/span>\n\t\t\t\t\t<\/span>\n\t\t\t\t\t<\/a>\n\t\t\t\t\t\t\t\t<\/div>\n\t\t\t\t\t<\/div>\n\t\t\t\t<\/div>\n\t\t<div class=\"elementor-element elementor-element-f4f4ade e-con-full e-flex e-con e-parent\" data-id=\"f4f4ade\" data-element_type=\"container\" data-settings=\"{&quot;background_background&quot;:&quot;classic&quot;}\">\n\t\t<div class=\"elementor-element elementor-element-a7b98a4 e-con-full e-flex e-con e-child\" data-id=\"a7b98a4\" data-element_type=\"container\">\n\t\t\t\t<div class=\"elementor-element elementor-element-fff97f5 elementor-widget elementor-widget-heading\" data-id=\"fff97f5\" data-element_type=\"widget\" data-widget_type=\"heading.default\">\n\t\t\t\t\t<h2 class=\"elementor-heading-title elementor-size-default\">Textredaktion setzt Sachkenntnis voraus\n<\/h2>\t\t\t\t<\/div>\n\t\t\t\t<div class=\"elementor-element elementor-element-07f5fc2 elementor-widget elementor-widget-text-editor\" data-id=\"07f5fc2\" data-element_type=\"widget\" data-widget_type=\"text-editor.default\">\n\t\t\t\t\t\t\t\t\t<section class=\"section-content highlight-background-50-r twee-koloms-50\"><div class=\"container\"><div class=\"row\"><div class=\"col-12 col-md-6\"><div><p>Das Redigieren von Texten erfordert Sachkenntnis, ein Denken weit \u00fcber den Text hinaus. S\u00e4tze m\u00fcssen in einen breiteren Kontext eingeordnet werden. Die Textredakteurin oder der Textredakteur versucht, die Gedanken der Autorin oder des Autors zu verstehen und diese besser auszudr\u00fccken. Und das bietet HHCE in mehreren Sprachen.<\/p><\/div><\/div><\/div><\/div><\/section>\t\t\t\t\t\t\t\t<\/div>\n\t\t\t\t<\/div>\n\t\t<div class=\"elementor-element elementor-element-555db17 e-con-full e-flex e-con e-child\" data-id=\"555db17\" data-element_type=\"container\">\n\t\t\t\t<div class=\"elementor-element elementor-element-c4fea52 elementor-widget elementor-widget-image\" data-id=\"c4fea52\" data-element_type=\"widget\" data-widget_type=\"image.default\">\n\t\t\t\t\t\t\t\t\t\t\t\t\t\t\t<img fetchpriority=\"high\" decoding=\"async\" width=\"1200\" height=\"963\" src=\"https:\/\/hhce.eu\/wp-content\/uploads\/2025\/08\/redactie_05.png\" class=\"attachment-full size-full wp-image-1185\" alt=\"\" srcset=\"https:\/\/hhce.eu\/wp-content\/uploads\/2025\/08\/redactie_05.png 1200w, https:\/\/hhce.eu\/wp-content\/uploads\/2025\/08\/redactie_05-300x241.png 300w, https:\/\/hhce.eu\/wp-content\/uploads\/2025\/08\/redactie_05-1024x822.png 1024w, https:\/\/hhce.eu\/wp-content\/uploads\/2025\/08\/redactie_05-768x616.png 768w\" sizes=\"(max-width: 1200px) 100vw, 1200px\" \/>\t\t\t\t\t\t\t\t\t\t\t\t\t\t\t<\/div>\n\t\t\t\t<\/div>\n\t\t\t\t<\/div>\n\t\t<div class=\"elementor-element elementor-element-d362350 e-flex e-con-boxed e-con e-parent\" data-id=\"d362350\" data-element_type=\"container\">\n\t\t\t\t\t<div class=\"e-con-inner\">\n\t\t\t\t<div class=\"elementor-element elementor-element-26c026f elementor-widget elementor-widget-heading\" data-id=\"26c026f\" data-element_type=\"widget\" data-widget_type=\"heading.default\">\n\t\t\t\t\t<h2 class=\"elementor-heading-title elementor-size-default\">HHCE redigiert\u00a0...\n<\/h2>\t\t\t\t<\/div>\n\t\t\t\t<div class=\"elementor-element elementor-element-31664d8 elementor-widget elementor-widget-heading\" data-id=\"31664d8\" data-element_type=\"widget\" data-widget_type=\"heading.default\">\n\t\t\t\t\t<h3 class=\"elementor-heading-title elementor-size-default\">...\u00a0in der Sprache, in der Sie noch etwas Unterst\u00fctzung gebrauchen k\u00f6nnen\n\n<\/h3>\t\t\t\t<\/div>\n\t\t\t\t<div class=\"elementor-element elementor-element-4b1d40b elementor-widget elementor-widget-text-editor\" data-id=\"4b1d40b\" data-element_type=\"widget\" data-widget_type=\"text-editor.default\">\n\t\t\t\t\t\t\t\t\t<section class=\"section-content\"><div class=\"container\"><div class=\"row justify-content-center\"><div class=\"col-12\"><div><p>Senden Sie uns den Text zu und sagen Sie uns, wie er aussehen soll. Wir w\u00e4hlen die passende Textredakteurin oder den passenden Textredakteur aus, die oder der allesamt selbstverst\u00e4ndlich Muttersprachlerin oder Muttersprachler ist und nat\u00fcrlich auch Linguistin oder Linguist. Wir optimieren Ihren Text, stellen eventuell Fragen oder bitten Sie um Referenzmaterial. Wenn der Text fertig ist, bleiben Sie mit uns in Verbindung. Sollte es noch S\u00e4tze und Textstellen geben, mit denen Sie nicht ganz zufrieden sind, passen wir diese an. Das bewerkstelligen wir gemeinsam, denn im gegenseitigen Austausch erzielen wir das beste Ergebnis.<\/p><\/div><\/div><\/div><\/div><\/section><section class=\"section-content \"><div class=\"container\"><div class=\"row @*align-items-center*@\"><div class=\"col-12 col-md-6 \"><div>\u00a0<\/div><\/div><\/div><\/div><\/section>\t\t\t\t\t\t\t\t<\/div>\n\t\t\t\t\t<\/div>\n\t\t\t\t<\/div>\n\t\t<div class=\"elementor-element elementor-element-60b439f e-flex e-con-boxed e-con e-parent\" data-id=\"60b439f\" data-element_type=\"container\" data-settings=\"{&quot;background_background&quot;:&quot;classic&quot;}\">\n\t\t\t\t\t<div class=\"e-con-inner\">\n\t\t<div class=\"elementor-element elementor-element-71987e7 e-con-full e-flex e-con e-child\" data-id=\"71987e7\" data-element_type=\"container\">\n\t\t\t\t<div class=\"elementor-element elementor-element-3f315c3 elementor-widget elementor-widget-heading\" data-id=\"3f315c3\" data-element_type=\"widget\" data-widget_type=\"heading.default\">\n\t\t\t\t\t<h2 class=\"elementor-heading-title elementor-size-default\">Kann Ihr Text noch optimiert werden?\n<\/h2>\t\t\t\t<\/div>\n\t\t\t\t<div class=\"elementor-element elementor-element-fd661a3 elementor-widget elementor-widget-heading\" data-id=\"fd661a3\" data-element_type=\"widget\" data-widget_type=\"heading.default\">\n\t\t\t\t\t<h3 class=\"elementor-heading-title elementor-size-default\">Ich helfe Ihnen gern!\n<\/h3>\t\t\t\t<\/div>\n\t\t\t\t<div class=\"elementor-element elementor-element-e319395 elementor-widget elementor-widget-text-editor\" data-id=\"e319395\" data-element_type=\"widget\" data-widget_type=\"text-editor.default\">\n\t\t\t\t\t\t\t\t\t<p>Sie haben Zweifel an der Qualit\u00e4t oder der Lesbarkeit eines Textes. Ich schaue gemeinsam mit Ihnen, was dem Text fehlt, und frage Sie, was an dem Text anders gemacht werden sollte. Unsere Textredakteurinnen und -redakteure sorgen f\u00fcr einen Text, der Sie zufrieden stellen wird. Das k\u00f6nnen wir \u00fcbrigens in mehreren Sprachen bieten.<\/p>\t\t\t\t\t\t\t\t<\/div>\n\t\t\t\t<div class=\"elementor-element elementor-element-ed73606 elementor-mobile-align-left caret-indent elementor-widget elementor-widget-button\" data-id=\"ed73606\" data-element_type=\"widget\" data-widget_type=\"button.default\">\n\t\t\t\t\t\t\t\t\t\t<a class=\"elementor-button elementor-button-link elementor-size-sm\" href=\"https:\/\/hhce.eu\/de\/kontakt\/\">\n\t\t\t\t\t\t<span class=\"elementor-button-content-wrapper\">\n\t\t\t\t\t\t<span class=\"elementor-button-icon\">\n\t\t\t\t<svg aria-hidden=\"true\" class=\"e-font-icon-svg e-fas-caret-right\" viewBox=\"0 0 192 512\" xmlns=\"http:\/\/www.w3.org\/2000\/svg\"><path d=\"M0 384.662V127.338c0-17.818 21.543-26.741 34.142-14.142l128.662 128.662c7.81 7.81 7.81 20.474 0 28.284L34.142 398.804C21.543 411.404 0 402.48 0 384.662z\"><\/path><\/svg>\t\t\t<\/span>\n\t\t\t\t\t\t\t\t\t<span class=\"elementor-button-text\">Kontaktieren Sie uns<\/span>\n\t\t\t\t\t<\/span>\n\t\t\t\t\t<\/a>\n\t\t\t\t\t\t\t\t<\/div>\n\t\t\t\t<\/div>\n\t\t<div class=\"elementor-element elementor-element-5155e8b e-con-full e-flex e-con e-child\" data-id=\"5155e8b\" data-element_type=\"container\">\n\t\t\t\t<div class=\"elementor-element elementor-element-f6ba809 team-member elementor-widget elementor-widget-image\" data-id=\"f6ba809\" data-element_type=\"widget\" data-widget_type=\"image.default\">\n\t\t\t\t\t\t\t\t\t\t\t\t\t\t\t<img decoding=\"async\" width=\"800\" height=\"820\" src=\"https:\/\/hhce.eu\/wp-content\/uploads\/2025\/08\/julia-web-3.png\" class=\"attachment-large size-large wp-image-1191\" alt=\"\" srcset=\"https:\/\/hhce.eu\/wp-content\/uploads\/2025\/08\/julia-web-3.png 800w, https:\/\/hhce.eu\/wp-content\/uploads\/2025\/08\/julia-web-3-293x300.png 293w, https:\/\/hhce.eu\/wp-content\/uploads\/2025\/08\/julia-web-3-768x787.png 768w\" sizes=\"(max-width: 800px) 100vw, 800px\" \/>\t\t\t\t\t\t\t\t\t\t\t\t\t\t\t<\/div>\n\t\t\t\t<\/div>\n\t\t\t\t\t<\/div>\n\t\t\t\t<\/div>\n\t\t<div class=\"elementor-element elementor-element-47dbae7 e-flex e-con-boxed e-con e-parent\" data-id=\"47dbae7\" data-element_type=\"container\">\n\t\t\t\t\t<div class=\"e-con-inner\">\n\t\t\t\t<div class=\"elementor-element elementor-element-6c26028 elementor-widget elementor-widget-text-editor\" data-id=\"6c26028\" data-element_type=\"widget\" data-widget_type=\"text-editor.default\">\n\t\t\t\t\t\t\t\t\t<p>Teilen Sie diese Seite<\/p>\t\t\t\t\t\t\t\t<\/div>\n\t\t\t\t<div class=\"elementor-element elementor-element-3ff3e42 elementor-share-buttons--view-icon elementor-share-buttons--skin-framed elementor-share-buttons--shape-circle elementor-share-buttons--color-custom elementor-grid-0 elementor-widget elementor-widget-share-buttons\" data-id=\"3ff3e42\" data-element_type=\"widget\" data-widget_type=\"share-buttons.default\">\n\t\t\t\t\t\t\t<div class=\"elementor-grid\" role=\"list\">\n\t\t\t\t\t\t\t\t<div class=\"elementor-grid-item\" role=\"listitem\">\n\t\t\t\t\t\t<div class=\"elementor-share-btn elementor-share-btn_linkedin\" role=\"button\" tabindex=\"0\" aria-label=\"Teilen auf linkedin\">\n\t\t\t\t\t\t\t\t\t\t\t\t\t\t\t<span class=\"elementor-share-btn__icon\">\n\t\t\t\t\t\t\t\t<svg aria-hidden=\"true\" class=\"e-font-icon-svg e-fab-linkedin\" viewBox=\"0 0 448 512\" xmlns=\"http:\/\/www.w3.org\/2000\/svg\"><path d=\"M416 32H31.9C14.3 32 0 46.5 0 64.3v383.4C0 465.5 14.3 480 31.9 480H416c17.6 0 32-14.5 32-32.3V64.3c0-17.8-14.4-32.3-32-32.3zM135.4 416H69V202.2h66.5V416zm-33.2-243c-21.3 0-38.5-17.3-38.5-38.5S80.9 96 102.2 96c21.2 0 38.5 17.3 38.5 38.5 0 21.3-17.2 38.5-38.5 38.5zm282.1 243h-66.4V312c0-24.8-.5-56.7-34.5-56.7-34.6 0-39.9 27-39.9 54.9V416h-66.4V202.2h63.7v29.2h.9c8.9-16.8 30.6-34.5 62.9-34.5 67.2 0 79.7 44.3 79.7 101.9V416z\"><\/path><\/svg>\t\t\t\t\t\t\t<\/span>\n\t\t\t\t\t\t\t\t\t\t\t\t\t\t\t\t\t\t\t\t<\/div>\n\t\t\t\t\t<\/div>\n\t\t\t\t\t\t\t\t\t<div class=\"elementor-grid-item\" role=\"listitem\">\n\t\t\t\t\t\t<div class=\"elementor-share-btn elementor-share-btn_twitter\" role=\"button\" tabindex=\"0\" aria-label=\"Teilen auf twitter\">\n\t\t\t\t\t\t\t\t\t\t\t\t\t\t\t<span class=\"elementor-share-btn__icon\">\n\t\t\t\t\t\t\t\t<svg aria-hidden=\"true\" class=\"e-font-icon-svg e-fab-twitter\" viewBox=\"0 0 512 512\" xmlns=\"http:\/\/www.w3.org\/2000\/svg\"><path d=\"M459.37 151.716c.325 4.548.325 9.097.325 13.645 0 138.72-105.583 298.558-298.558 298.558-59.452 0-114.68-17.219-161.137-47.106 8.447.974 16.568 1.299 25.34 1.299 49.055 0 94.213-16.568 130.274-44.832-46.132-.975-84.792-31.188-98.112-72.772 6.498.974 12.995 1.624 19.818 1.624 9.421 0 18.843-1.3 27.614-3.573-48.081-9.747-84.143-51.98-84.143-102.985v-1.299c13.969 7.797 30.214 12.67 47.431 13.319-28.264-18.843-46.781-51.005-46.781-87.391 0-19.492 5.197-37.36 14.294-52.954 51.655 63.675 129.3 105.258 216.365 109.807-1.624-7.797-2.599-15.918-2.599-24.04 0-57.828 46.782-104.934 104.934-104.934 30.213 0 57.502 12.67 76.67 33.137 23.715-4.548 46.456-13.32 66.599-25.34-7.798 24.366-24.366 44.833-46.132 57.827 21.117-2.273 41.584-8.122 60.426-16.243-14.292 20.791-32.161 39.308-52.628 54.253z\"><\/path><\/svg>\t\t\t\t\t\t\t<\/span>\n\t\t\t\t\t\t\t\t\t\t\t\t\t\t\t\t\t\t\t\t<\/div>\n\t\t\t\t\t<\/div>\n\t\t\t\t\t\t<\/div>\n\t\t\t\t\t\t<\/div>\n\t\t\t\t\t<\/div>\n\t\t\t\t<\/div>\n\t\t\t\t<\/div>\n\t\t","protected":false},"excerpt":{"rendered":"<p>Textredaktion Sie haben einen Text in einer Sprache verfasst, die Sie gut beherrschen, aber der Text ist nicht so geworden, wie Sie es sich vorgestellt haben. Kurzum: Ihren Text sollte sich eine Textredakteurin oder ein Textredakteur ansehen. HHCE \u00fcbernimmt das f\u00fcr Sie. Unsere Muttersprachlerinnen und Muttersprachler redigieren professionell, sodass der Text nat\u00fcrlich wirkt und dar\u00fcber [&hellip;]<\/p>\n","protected":false},"author":1,"featured_media":0,"parent":0,"menu_order":0,"comment_status":"closed","ping_status":"closed","template":"","meta":{"footnotes":""},"class_list":["post-1448","page","type-page","status-publish","hentry"],"_links":{"self":[{"href":"https:\/\/hhce.eu\/de\/wp-json\/wp\/v2\/pages\/1448","targetHints":{"allow":["GET"]}}],"collection":[{"href":"https:\/\/hhce.eu\/de\/wp-json\/wp\/v2\/pages"}],"about":[{"href":"https:\/\/hhce.eu\/de\/wp-json\/wp\/v2\/types\/page"}],"author":[{"embeddable":true,"href":"https:\/\/hhce.eu\/de\/wp-json\/wp\/v2\/users\/1"}],"replies":[{"embeddable":true,"href":"https:\/\/hhce.eu\/de\/wp-json\/wp\/v2\/comments?post=1448"}],"version-history":[{"count":0,"href":"https:\/\/hhce.eu\/de\/wp-json\/wp\/v2\/pages\/1448\/revisions"}],"wp:attachment":[{"href":"https:\/\/hhce.eu\/de\/wp-json\/wp\/v2\/media?parent=1448"}],"curies":[{"name":"wp","href":"https:\/\/api.w.org\/{rel}","templated":true}]}}