{"id":1396,"date":"2025-08-02T14:12:12","date_gmt":"2025-08-02T12:12:12","guid":{"rendered":"https:\/\/hhce.eu\/informativa-sulla-privacy\/"},"modified":"2025-12-03T12:53:47","modified_gmt":"2025-12-03T11:53:47","slug":"informativa-sulla-privacy","status":"publish","type":"page","link":"https:\/\/hhce.eu\/it\/informativa-sulla-privacy\/","title":{"rendered":"Informativa sulla privacy"},"content":{"rendered":"\t\t<div data-elementor-type=\"wp-page\" data-elementor-id=\"1396\" class=\"elementor elementor-1396 elementor-652\" data-elementor-post-type=\"page\">\n\t\t\t\t<div class=\"elementor-element elementor-element-9a17d18 e-flex e-con-boxed e-con e-parent\" data-id=\"9a17d18\" data-element_type=\"container\">\n\t\t\t\t\t<div class=\"e-con-inner\">\n\t\t\t\t<div class=\"elementor-element elementor-element-dc0e2dc elementor-widget__width-initial elementor-widget elementor-widget-heading\" data-id=\"dc0e2dc\" data-element_type=\"widget\" data-widget_type=\"heading.default\">\n\t\t\t\t\t<h1 class=\"elementor-heading-title elementor-size-default\">Informativa sulla privacy\n<\/h1>\t\t\t\t<\/div>\n\t\t\t\t<div class=\"elementor-element elementor-element-9a9e2fb elementor-widget__width-initial elementor-widget elementor-widget-text-editor\" data-id=\"9a9e2fb\" data-element_type=\"widget\" data-widget_type=\"text-editor.default\">\n\t\t\t\t\t\t\t\t\t<p>HHCE dedica il massimo impegno a una gestione corretta dei dati sensibili.<\/p><p>Trattiamo i tuoi dati personali con la massima cura, attenendoci rigorosamente alle leggi e alle normative applicabili. La presente informativa sulla privacy illustra i dati personali che elaboriamo e lo scopo per il quale ti chiediamo di fornirceli. Il trattamento dei tuoi dati personali da parte nostra tiene conto dei seguenti principi.<\/p>\t\t\t\t\t\t\t\t<\/div>\n\t\t\t\t\t<\/div>\n\t\t\t\t<\/div>\n\t\t<div class=\"elementor-element elementor-element-d2015f9 e-flex e-con-boxed e-con e-parent\" data-id=\"d2015f9\" data-element_type=\"container\" data-settings=\"{&quot;background_background&quot;:&quot;classic&quot;}\">\n\t\t\t\t\t<div class=\"e-con-inner\">\n\t\t\t\t<div class=\"elementor-element elementor-element-bc71b06 elementor-widget__width-initial elementor-widget elementor-widget-text-editor\" data-id=\"bc71b06\" data-element_type=\"widget\" data-widget_type=\"text-editor.default\">\n\t\t\t\t\t\t\t\t\t<h3><span class=\"h3\">Quali dati personali elaboriamo?<\/span><\/h3><p>Elaboriamo tutti i dati personali che ci fornisci unicamente allo scopo di offrirti servizi di interpretariato e traduzione di alto livello. Tali dati vanno dal nome e all\u2019indirizzo, fino alle informazioni relative a dati medici e fedina penale.<\/p><h3><span class=\"h3\">Base legale e obiettivi del trattamento<\/span><\/h3><p>Ci assicuriamo che i dati personali vengano raccolti ed elaborati esclusivamente per scopi specifici, esplicitamente descritti e giustificati, nonch\u00e9 in presenza di basi giuridiche valide. Possiamo richiedere dati personali che riguardano te e\/o parti terze per emettere un preventivo per servizi di interpretariato o traduzione e\/o per fornire detti servizi.<\/p><p>I tuoi dati personali verranno utilizzati unicamente per gli scopi per i quali hai dato il tuo consenso. Tra questi figurano:<\/p><ul><li>invio di e-mail e newsletter;<\/li><li>svolgimento di ricerche di mercato;<\/li><li>fornitura di servizi;<\/li><li>comunicazioni relative a nuovi servizi;<\/li><li>inviti a riunioni o altri incontri.<\/li><\/ul><p>Se preferisci non usufruire di tali servizi o ne desideri soltanto alcuni, puoi revocare il tuo consenso. Per revocare il consenso, invia un messaggio e-mail al nostro indirizzo generico <a title=\"Intrekking toestemming\" href=\"mailto:in%66o%40hhc%65.eu?subject=Revoca%20del%20consenso\" data-anchor=\"?subject=Intrekking toestemming\">info@hhce.eu<\/a>, scrivendo nell\u2019oggetto \u201cRevoca del consenso\u201d.<\/p><h3><span class=\"h3\">Minimizzazione dei dati<\/span><\/h3><p>Il trattamento dei dati personali operato da HHCE si limita alle informazioni necessarie in relazione allo scopo predefinito. Seguiamo il principio del \u201cneed-to-know\u201d e ci impegniamo a elaborare la minore quantit\u00e0 di dati possibile. Proteggiamo le tue informazioni, garantendo l\u2019accesso a queste ultime solo alle persone che stanno effettivamente lavorando a una richiesta di fornitura di servizi. Se le circostanze lo consentono, elaboriamo pochissimi dati personali o non ne utilizziamo affatto.<\/p><h3><span class=\"h3\">Periodo di conservazione<\/span><\/h3><p>Non conserviamo i dati personali pi\u00f9 a lungo del necessario. La conservazione di tali informazioni pu\u00f2 risultare imprescindibile al fine di svolgere correttamente le attivit\u00e0 o adempiere agli obblighi legali. Quando non avremo pi\u00f9 bisogno dei tuoi dati personali, provvederemo a distruggerli o a restituirteli, in base alle tue preferenze.<\/p><h3><span class=\"h3\">Integrit\u00e0 e riservatezza<\/span><\/h3><p>I tuoi dati personali verranno elaborati, esclusivamente per lo scopo per il quale sono stati acquisiti, da persone che abbiano firmato un accordo di non divulgazione. Al fine di tutelare i tuoi dati personali, il nostro staff e i nostri collaboratori freelance sono tenuti a osservare requisiti specifici in materia di privacy: prima di iniziare a lavorare per noi, devono infatti firmare un accordo di non divulgazione.<\/p><p>Inoltre, i nostri dipendenti e collaboratori sono obbligati a denunciare tempestivamente ogni eventuale perdita di dati personali. In caso di inadempienza, saranno ritenuti responsabili per le conseguenze di tale perdita.<\/p><h3><span class=\"h3\">I tuoi diritti ai sensi del RGPD<\/span><\/h3><p>Per esercitare i tuoi diritti in qualit\u00e0 di interessato\/a ai sensi del RGPD (regolamento generale sulla protezione dei dati), puoi utilizzare il \u201cModulo sui diritti degli interessati\u201d. Il RGPD ti riconosce i seguenti diritti:<\/p><ul><li>il diritto di accedere ai tuoi dati personali;<\/li><li>il diritto di cancellazione;<\/li><li>il diritto di rettifica o limitazione del trattamento;<\/li><li>il diritto di portabilit\u00e0 dei dati.<\/li><\/ul><p>Elaboreremo la tua richiesta entro il periodo prescritto dalla legge, avvalendoci delle possibilit\u00e0 previste dal quadro giuridico per accogliere o respingere tale richiesta. In caso di rifiuto, ti comunicheremo le ragioni alla base della decisione.<\/p><h3><span class=\"h3\">Perdita dei dati personali<\/span><\/h3><p>HHCE ha adottato varie misure tese a ridurre al minimo l&#8217;eventualit\u00e0 che si verifichino perdite e\/o fughe di dati personali. Nell\u2019improbabile eventualit\u00e0 che, malgrado tutte le precauzioni adottate, una fuga di informazioni determini una perdita di dati personali tale da esporre il titolare a gravi conseguenze a livello individuale, informeremo immediatamente l\u2019interessato.<\/p><h3><span class=\"h3\">Reclami<\/span><\/h3><p>HHCE si impegna a rispettare quanto indicato in questo documento. Tuttavia, se ritieni che la presente informativa sulla privacy non venga adeguatamente osservata sul piano pratico, puoi presentare un reclamo.<\/p><h3>Gestione dei reclami<\/h3><p>H. Hendriks<br \/>E-mail:\u00a0<a href=\"mailto:%68%2Ehendriks@hhce.e%75\">h.hendriks@hhce.eu<\/a><br \/>N. di telefono: +31 (0)24 3605 442<br \/>Indirizzo postale: Oude Oeverstraat 120, 6811 JZ Arnhem, Netherlands<\/p><h3>Garante per la protezione dei dati personali dei Paesi Bassi<\/h3><p>Se non reputi soddisfacente la gestione del tuo reclamo, puoi contattare:<\/p><p>Garante per la protezione dei dati personali nei Paesi Bassi<br \/>Indirizzo postale: Bezuidenhoutseweg 30, 2594 AV The Hague, Netherlands<br \/>N. di telefono: 0900-2001201<br \/>Sito web:\u00a0<a title=\"Autoriteit Persoonsgegevens\" href=\"http:\/\/www.autoriteitpersoonsgegevens.nl\/\" target=\"_blank\" rel=\"noopener\">www.autoriteitpersoonsgegevens.nl<\/a><\/p><h3><span class=\"h3\">Modifiche alla nostra informativa sulla privacy<\/span><\/h3><p>Ci riserviamo il diritto di modificare la presente informativa sulla privacy, al fine di garantirne la conformit\u00e0 con gli sviluppi del RGPD. Sul nostro sito web sar\u00e0 sempre disponibile la versione pi\u00f9 recente di tale documento.<\/p><p>In caso di controversie, prevarr\u00e0 l\u2019ultima versione dell\u2019informativa sulla privacy pubblicata sul nostro sito web.<\/p><p>HHCE, novembre 2021<\/p>\t\t\t\t\t\t\t\t<\/div>\n\t\t\t\t\t<\/div>\n\t\t\t\t<\/div>\n\t\t<div class=\"elementor-element elementor-element-6c34bbf e-flex e-con-boxed e-con e-parent\" data-id=\"6c34bbf\" data-element_type=\"container\">\n\t\t\t\t\t<div class=\"e-con-inner\">\n\t\t\t\t<div class=\"elementor-element elementor-element-c75f3b0 elementor-widget elementor-widget-text-editor\" data-id=\"c75f3b0\" data-element_type=\"widget\" data-widget_type=\"text-editor.default\">\n\t\t\t\t\t\t\t\t\t<p>Condividi questa pagina<\/p>\t\t\t\t\t\t\t\t<\/div>\n\t\t\t\t<div class=\"elementor-element elementor-element-4592cdd elementor-share-buttons--view-icon elementor-share-buttons--skin-framed elementor-share-buttons--shape-circle elementor-share-buttons--color-custom elementor-grid-0 elementor-widget elementor-widget-share-buttons\" data-id=\"4592cdd\" data-element_type=\"widget\" data-widget_type=\"share-buttons.default\">\n\t\t\t\t\t\t\t<div class=\"elementor-grid\" role=\"list\">\n\t\t\t\t\t\t\t\t<div class=\"elementor-grid-item\" role=\"listitem\">\n\t\t\t\t\t\t<div class=\"elementor-share-btn elementor-share-btn_linkedin\" role=\"button\" tabindex=\"0\" aria-label=\"Condividi su linkedin\">\n\t\t\t\t\t\t\t\t\t\t\t\t\t\t\t<span class=\"elementor-share-btn__icon\">\n\t\t\t\t\t\t\t\t<svg aria-hidden=\"true\" class=\"e-font-icon-svg e-fab-linkedin\" viewBox=\"0 0 448 512\" xmlns=\"http:\/\/www.w3.org\/2000\/svg\"><path d=\"M416 32H31.9C14.3 32 0 46.5 0 64.3v383.4C0 465.5 14.3 480 31.9 480H416c17.6 0 32-14.5 32-32.3V64.3c0-17.8-14.4-32.3-32-32.3zM135.4 416H69V202.2h66.5V416zm-33.2-243c-21.3 0-38.5-17.3-38.5-38.5S80.9 96 102.2 96c21.2 0 38.5 17.3 38.5 38.5 0 21.3-17.2 38.5-38.5 38.5zm282.1 243h-66.4V312c0-24.8-.5-56.7-34.5-56.7-34.6 0-39.9 27-39.9 54.9V416h-66.4V202.2h63.7v29.2h.9c8.9-16.8 30.6-34.5 62.9-34.5 67.2 0 79.7 44.3 79.7 101.9V416z\"><\/path><\/svg>\t\t\t\t\t\t\t<\/span>\n\t\t\t\t\t\t\t\t\t\t\t\t\t\t\t\t\t\t\t\t<\/div>\n\t\t\t\t\t<\/div>\n\t\t\t\t\t\t\t\t\t<div class=\"elementor-grid-item\" role=\"listitem\">\n\t\t\t\t\t\t<div class=\"elementor-share-btn elementor-share-btn_twitter\" role=\"button\" tabindex=\"0\" aria-label=\"Condividi su twitter\">\n\t\t\t\t\t\t\t\t\t\t\t\t\t\t\t<span class=\"elementor-share-btn__icon\">\n\t\t\t\t\t\t\t\t<svg aria-hidden=\"true\" class=\"e-font-icon-svg e-fab-twitter\" viewBox=\"0 0 512 512\" xmlns=\"http:\/\/www.w3.org\/2000\/svg\"><path d=\"M459.37 151.716c.325 4.548.325 9.097.325 13.645 0 138.72-105.583 298.558-298.558 298.558-59.452 0-114.68-17.219-161.137-47.106 8.447.974 16.568 1.299 25.34 1.299 49.055 0 94.213-16.568 130.274-44.832-46.132-.975-84.792-31.188-98.112-72.772 6.498.974 12.995 1.624 19.818 1.624 9.421 0 18.843-1.3 27.614-3.573-48.081-9.747-84.143-51.98-84.143-102.985v-1.299c13.969 7.797 30.214 12.67 47.431 13.319-28.264-18.843-46.781-51.005-46.781-87.391 0-19.492 5.197-37.36 14.294-52.954 51.655 63.675 129.3 105.258 216.365 109.807-1.624-7.797-2.599-15.918-2.599-24.04 0-57.828 46.782-104.934 104.934-104.934 30.213 0 57.502 12.67 76.67 33.137 23.715-4.548 46.456-13.32 66.599-25.34-7.798 24.366-24.366 44.833-46.132 57.827 21.117-2.273 41.584-8.122 60.426-16.243-14.292 20.791-32.161 39.308-52.628 54.253z\"><\/path><\/svg>\t\t\t\t\t\t\t<\/span>\n\t\t\t\t\t\t\t\t\t\t\t\t\t\t\t\t\t\t\t\t<\/div>\n\t\t\t\t\t<\/div>\n\t\t\t\t\t\t<\/div>\n\t\t\t\t\t\t<\/div>\n\t\t\t\t\t<\/div>\n\t\t\t\t<\/div>\n\t\t\t\t<\/div>\n\t\t","protected":false},"excerpt":{"rendered":"<p>Informativa sulla privacy HHCE dedica il massimo impegno a una gestione corretta dei dati sensibili. Trattiamo i tuoi dati personali con la massima cura, attenendoci rigorosamente alle leggi e alle normative applicabili. La presente informativa sulla privacy illustra i dati personali che elaboriamo e lo scopo per il quale ti chiediamo di fornirceli. Il trattamento [&hellip;]<\/p>\n","protected":false},"author":1,"featured_media":0,"parent":0,"menu_order":0,"comment_status":"closed","ping_status":"closed","template":"","meta":{"footnotes":""},"class_list":["post-1396","page","type-page","status-publish","hentry"],"_links":{"self":[{"href":"https:\/\/hhce.eu\/it\/wp-json\/wp\/v2\/pages\/1396","targetHints":{"allow":["GET"]}}],"collection":[{"href":"https:\/\/hhce.eu\/it\/wp-json\/wp\/v2\/pages"}],"about":[{"href":"https:\/\/hhce.eu\/it\/wp-json\/wp\/v2\/types\/page"}],"author":[{"embeddable":true,"href":"https:\/\/hhce.eu\/it\/wp-json\/wp\/v2\/users\/1"}],"replies":[{"embeddable":true,"href":"https:\/\/hhce.eu\/it\/wp-json\/wp\/v2\/comments?post=1396"}],"version-history":[{"count":0,"href":"https:\/\/hhce.eu\/it\/wp-json\/wp\/v2\/pages\/1396\/revisions"}],"wp:attachment":[{"href":"https:\/\/hhce.eu\/it\/wp-json\/wp\/v2\/media?parent=1396"}],"curies":[{"name":"wp","href":"https:\/\/api.w.org\/{rel}","templated":true}]}}