{"id":1400,"date":"2025-08-02T13:54:28","date_gmt":"2025-08-02T11:54:28","guid":{"rendered":"https:\/\/hhce.eu\/traduzione-di-siti-web\/"},"modified":"2025-12-18T15:00:05","modified_gmt":"2025-12-18T14:00:05","slug":"traduzione-di-siti-web","status":"publish","type":"page","link":"https:\/\/hhce.eu\/it\/traduzione-di-siti-web\/","title":{"rendered":"Traduzione di siti web"},"content":{"rendered":"\t\t<div data-elementor-type=\"wp-page\" data-elementor-id=\"1400\" class=\"elementor elementor-1400 elementor-615\" data-elementor-post-type=\"page\">\n\t\t\t\t<div class=\"elementor-element elementor-element-372a0f8 e-flex e-con-boxed e-con e-parent\" data-id=\"372a0f8\" data-element_type=\"container\">\n\t\t\t\t\t<div class=\"e-con-inner\">\n\t\t\t\t<div class=\"elementor-element elementor-element-11904e2 elementor-widget__width-initial elementor-widget elementor-widget-heading\" data-id=\"11904e2\" data-element_type=\"widget\" data-widget_type=\"heading.default\">\n\t\t\t\t\t<h1 class=\"elementor-heading-title elementor-size-default\">Traduzione di siti web\n<\/h1>\t\t\t\t<\/div>\n\t\t\t\t<div class=\"elementor-element elementor-element-37afe42 elementor-widget__width-initial elementor-widget elementor-widget-text-editor\" data-id=\"37afe42\" data-element_type=\"widget\" data-widget_type=\"text-editor.default\">\n\t\t\t\t\t\t\t\t\t<section class=\"intro\"><div class=\"container\"><div class=\"row\"><div class=\"col-12 col-md-9 col-lg-9\"><p>Almeno il 75% degli utenti di Internet acquista un prodotto solo se le informazioni vengono fornite nella propria lingua, quindi avere un sito plurilingue ti offrir\u00e0 grandi opportunit\u00e0. Ma qual \u00e8 il modo migliore per tradurre un sito web?<\/p><\/div><\/div><\/div><\/section>\t\t\t\t\t\t\t\t<\/div>\n\t\t\t\t<div class=\"elementor-element elementor-element-1c34a07 caret-white elementor-widget elementor-widget-button\" data-id=\"1c34a07\" data-element_type=\"widget\" data-widget_type=\"button.default\">\n\t\t\t\t\t\t\t\t\t\t<a class=\"elementor-button elementor-button-link elementor-size-sm\" href=\"https:\/\/hhce.eu\/it\/contattaci\/\">\n\t\t\t\t\t\t<span class=\"elementor-button-content-wrapper\">\n\t\t\t\t\t\t<span class=\"elementor-button-icon\">\n\t\t\t\t<svg aria-hidden=\"true\" class=\"e-font-icon-svg e-fas-caret-right\" viewBox=\"0 0 192 512\" xmlns=\"http:\/\/www.w3.org\/2000\/svg\"><path d=\"M0 384.662V127.338c0-17.818 21.543-26.741 34.142-14.142l128.662 128.662c7.81 7.81 7.81 20.474 0 28.284L34.142 398.804C21.543 411.404 0 402.48 0 384.662z\"><\/path><\/svg>\t\t\t<\/span>\n\t\t\t\t\t\t\t\t\t<span class=\"elementor-button-text\">Contattaci<\/span>\n\t\t\t\t\t<\/span>\n\t\t\t\t\t<\/a>\n\t\t\t\t\t\t\t\t<\/div>\n\t\t\t\t\t<\/div>\n\t\t\t\t<\/div>\n\t\t<div class=\"elementor-element elementor-element-479d14c e-con-full e-flex e-con e-parent\" data-id=\"479d14c\" data-element_type=\"container\" data-settings=\"{&quot;background_background&quot;:&quot;classic&quot;}\">\n\t\t<div class=\"elementor-element elementor-element-9dc25aa e-con-full e-flex e-con e-child\" data-id=\"9dc25aa\" data-element_type=\"container\">\n\t\t\t\t<div class=\"elementor-element elementor-element-834990b elementor-widget elementor-widget-image\" data-id=\"834990b\" data-element_type=\"widget\" data-widget_type=\"image.default\">\n\t\t\t\t\t\t\t\t\t\t\t\t\t\t\t<img fetchpriority=\"high\" decoding=\"async\" width=\"1201\" height=\"900\" src=\"https:\/\/hhce.eu\/wp-content\/uploads\/2025\/08\/websites-translations_01.png\" class=\"attachment-full size-full wp-image-1240\" alt=\"\" srcset=\"https:\/\/hhce.eu\/wp-content\/uploads\/2025\/08\/websites-translations_01.png 1201w, https:\/\/hhce.eu\/wp-content\/uploads\/2025\/08\/websites-translations_01-300x225.png 300w, https:\/\/hhce.eu\/wp-content\/uploads\/2025\/08\/websites-translations_01-1024x767.png 1024w, https:\/\/hhce.eu\/wp-content\/uploads\/2025\/08\/websites-translations_01-768x576.png 768w\" sizes=\"(max-width: 1201px) 100vw, 1201px\" \/>\t\t\t\t\t\t\t\t\t\t\t\t\t\t\t<\/div>\n\t\t\t\t<\/div>\n\t\t<div class=\"elementor-element elementor-element-d1f63b9 e-con-full e-flex e-con e-child\" data-id=\"d1f63b9\" data-element_type=\"container\">\n\t\t\t\t<div class=\"elementor-element elementor-element-bd8a19d elementor-widget elementor-widget-heading\" data-id=\"bd8a19d\" data-element_type=\"widget\" data-widget_type=\"heading.default\">\n\t\t\t\t\t<h2 class=\"elementor-heading-title elementor-size-default\">Scegli un approccio professionale\n<\/h2>\t\t\t\t<\/div>\n\t\t\t\t<div class=\"elementor-element elementor-element-5d69266 elementor-widget elementor-widget-text-editor\" data-id=\"5d69266\" data-element_type=\"widget\" data-widget_type=\"text-editor.default\">\n\t\t\t\t\t\t\t\t\t<section class=\"section-content highlight-background-50-l twee-koloms-50\"><div class=\"container\"><div class=\"row justify-content-end\"><div class=\"col-12 col-md-6\"><div><p>Esattamente come qualunque altro tipo di comunicazione, la traduzione di un sito web necessita di un approccio professionale. E di un&#8217;azienda esperta e certificata che lavori e gestisca i costi in modo efficiente. HHCE offre traduzioni professionali di siti web. Se ci coinvolgerai nelle fasi iniziali, collaboreremo con chi sviluppa il tuo sito per elaborare un piano d\u2019azione vincente.<\/p><\/div><\/div><\/div><\/div><\/section>\t\t\t\t\t\t\t\t<\/div>\n\t\t\t\t<\/div>\n\t\t\t\t<\/div>\n\t\t<div class=\"elementor-element elementor-element-a4e6b12 e-flex e-con-boxed e-con e-parent\" data-id=\"a4e6b12\" data-element_type=\"container\">\n\t\t\t\t\t<div class=\"e-con-inner\">\n\t\t\t\t<div class=\"elementor-element elementor-element-2f90e79 elementor-widget elementor-widget-heading\" data-id=\"2f90e79\" data-element_type=\"widget\" data-widget_type=\"heading.default\">\n\t\t\t\t\t<h2 class=\"elementor-heading-title elementor-size-default\">Copiare e incollare non serve pi\u00f9\n<\/h2>\t\t\t\t<\/div>\n\t\t\t\t<div class=\"elementor-element elementor-element-83e9e76 elementor-widget elementor-widget-text-editor\" data-id=\"83e9e76\" data-element_type=\"widget\" data-widget_type=\"text-editor.default\">\n\t\t\t\t\t\t\t\t\t<section class=\"section-content\"><div class=\"container\"><div class=\"row justify-content-center\"><div class=\"col-12\"><div><p>Spesso, le aziende che decidono di fare tradurre il proprio sito web ci inviano i testi in formato Excel o Word. In realt\u00e0 si tratta di un passaggio che non \u00e8 necessario e richiede una grande quantit\u00e0 di tempo ed energia. HHCE possiede una vasta esperienza con i sistemi di gestione dei contenuti e utilizza plug-in di traduzione avanzati che semplificano notevolmente il processo. Non dimenticare di contattarci prima di cominciare a copiare e incollare: troveremo insieme l\u2019approccio pi\u00f9 efficace.<\/p><\/div><\/div><\/div><\/div><\/section>\t\t\t\t\t\t\t\t<\/div>\n\t\t\t\t\t<\/div>\n\t\t\t\t<\/div>\n\t\t<div class=\"elementor-element elementor-element-d106ed4 e-con-full e-flex e-con e-parent\" data-id=\"d106ed4\" data-element_type=\"container\" data-settings=\"{&quot;background_background&quot;:&quot;classic&quot;}\">\n\t\t<div class=\"elementor-element elementor-element-4f0578d e-con-full e-flex e-con e-child\" data-id=\"4f0578d\" data-element_type=\"container\">\n\t\t\t\t<div class=\"elementor-element elementor-element-4f5ea1a elementor-widget elementor-widget-image\" data-id=\"4f5ea1a\" data-element_type=\"widget\" data-widget_type=\"image.default\">\n\t\t\t\t\t\t\t\t\t\t\t\t\t\t\t<img decoding=\"async\" width=\"1147\" height=\"900\" src=\"https:\/\/hhce.eu\/wp-content\/uploads\/2025\/08\/websites-translations_02.png\" class=\"attachment-full size-full wp-image-1246\" alt=\"\" srcset=\"https:\/\/hhce.eu\/wp-content\/uploads\/2025\/08\/websites-translations_02.png 1147w, https:\/\/hhce.eu\/wp-content\/uploads\/2025\/08\/websites-translations_02-300x235.png 300w, https:\/\/hhce.eu\/wp-content\/uploads\/2025\/08\/websites-translations_02-1024x803.png 1024w, https:\/\/hhce.eu\/wp-content\/uploads\/2025\/08\/websites-translations_02-768x603.png 768w\" sizes=\"(max-width: 1147px) 100vw, 1147px\" \/>\t\t\t\t\t\t\t\t\t\t\t\t\t\t\t<\/div>\n\t\t\t\t<\/div>\n\t\t<div class=\"elementor-element elementor-element-c02d798 e-con-full e-flex e-con e-child\" data-id=\"c02d798\" data-element_type=\"container\">\n\t\t\t\t<div class=\"elementor-element elementor-element-44e7019 elementor-widget elementor-widget-heading\" data-id=\"44e7019\" data-element_type=\"widget\" data-widget_type=\"heading.default\">\n\t\t\t\t\t<h2 class=\"elementor-heading-title elementor-size-default\">WordPress, Umbraco e altri CMS\n<\/h2>\t\t\t\t<\/div>\n\t\t\t\t<div class=\"elementor-element elementor-element-ae97fc5 elementor-widget elementor-widget-text-editor\" data-id=\"ae97fc5\" data-element_type=\"widget\" data-widget_type=\"text-editor.default\">\n\t\t\t\t\t\t\t\t\t<section class=\"section-content highlight-background-50-l twee-koloms-50\"><div class=\"container\"><div class=\"row justify-content-end\"><div class=\"col-12 col-md-6\"><div><p>La maggioranza dei siti web creati mediante un sistema di gestione dei contenuti (CMS) pu\u00f2 essere facilmente tradotta esportando il testo e importando nuovamente la traduzione. Ci riusciamo sfruttando alcuni plug-in o la funzionalit\u00e0 integrata nel CMS. Questa procedura garantisce che vengano tradotti anche tutti i menu, i meta tag e i link presenti, offrendo inoltre ai traduttori una visione molto pi\u00f9 chiara dell\u2019interazione tra le varie pagine.<\/p><\/div><\/div><\/div><\/div><\/section>\t\t\t\t\t\t\t\t<\/div>\n\t\t\t\t<\/div>\n\t\t\t\t<\/div>\n\t\t<div class=\"elementor-element elementor-element-b11b69f e-flex e-con-boxed e-con e-parent\" data-id=\"b11b69f\" data-element_type=\"container\" data-settings=\"{&quot;background_background&quot;:&quot;classic&quot;}\">\n\t\t\t\t\t<div class=\"e-con-inner\">\n\t\t<div class=\"elementor-element elementor-element-45347cf e-con-full e-flex e-con e-child\" data-id=\"45347cf\" data-element_type=\"container\">\n\t\t\t\t<div class=\"elementor-element elementor-element-7504cb0 elementor-widget elementor-widget-heading\" data-id=\"7504cb0\" data-element_type=\"widget\" data-widget_type=\"heading.default\">\n\t\t\t\t\t<h2 class=\"elementor-heading-title elementor-size-default\">Hai un sito web che vorresti fare tradurre?\n<\/h2>\t\t\t\t<\/div>\n\t\t\t\t<div class=\"elementor-element elementor-element-0d17fc4 elementor-widget elementor-widget-heading\" data-id=\"0d17fc4\" data-element_type=\"widget\" data-widget_type=\"heading.default\">\n\t\t\t\t\t<h3 class=\"elementor-heading-title elementor-size-default\">Mettiti in contatto con Henk\n\n<\/h3>\t\t\t\t<\/div>\n\t\t\t\t<div class=\"elementor-element elementor-element-531122c elementor-widget elementor-widget-text-editor\" data-id=\"531122c\" data-element_type=\"widget\" data-widget_type=\"text-editor.default\">\n\t\t\t\t\t\t\t\t\t<p>Desideri lanciare il tuo sito anche in altre lingue, ma ti sembra un\u2019impresa molto impegnativa. Solitamente possiamo offrire una soluzione tecnica in grado di farti risparmiare un sacco di tempo. E se non sei convinto\/a che le cose andranno per il verso giusto, faremo vari test insieme a te per tranquillizzarti.<\/p>\t\t\t\t\t\t\t\t<\/div>\n\t\t\t\t<div class=\"elementor-element elementor-element-beac413 elementor-mobile-align-left caret-indent elementor-widget elementor-widget-button\" data-id=\"beac413\" data-element_type=\"widget\" data-widget_type=\"button.default\">\n\t\t\t\t\t\t\t\t\t\t<a class=\"elementor-button elementor-button-link elementor-size-sm\" href=\"https:\/\/hhce.eu\/it\/contattaci\/\">\n\t\t\t\t\t\t<span class=\"elementor-button-content-wrapper\">\n\t\t\t\t\t\t<span class=\"elementor-button-icon\">\n\t\t\t\t<svg aria-hidden=\"true\" class=\"e-font-icon-svg e-fas-caret-right\" viewBox=\"0 0 192 512\" xmlns=\"http:\/\/www.w3.org\/2000\/svg\"><path d=\"M0 384.662V127.338c0-17.818 21.543-26.741 34.142-14.142l128.662 128.662c7.81 7.81 7.81 20.474 0 28.284L34.142 398.804C21.543 411.404 0 402.48 0 384.662z\"><\/path><\/svg>\t\t\t<\/span>\n\t\t\t\t\t\t\t\t\t<span class=\"elementor-button-text\">Contattaci<\/span>\n\t\t\t\t\t<\/span>\n\t\t\t\t\t<\/a>\n\t\t\t\t\t\t\t\t<\/div>\n\t\t\t\t<\/div>\n\t\t<div class=\"elementor-element elementor-element-d689ea7 e-con-full e-flex e-con e-child\" data-id=\"d689ea7\" data-element_type=\"container\">\n\t\t\t\t<div class=\"elementor-element elementor-element-3c03fea team-member elementor-widget elementor-widget-image\" data-id=\"3c03fea\" data-element_type=\"widget\" data-widget_type=\"image.default\">\n\t\t\t\t\t\t\t\t\t\t\t\t\t\t\t<img decoding=\"async\" width=\"800\" height=\"820\" src=\"https:\/\/hhce.eu\/wp-content\/uploads\/2025\/07\/henk-web-3.png\" class=\"attachment-large size-large wp-image-1006\" alt=\"\" srcset=\"https:\/\/hhce.eu\/wp-content\/uploads\/2025\/07\/henk-web-3.png 800w, https:\/\/hhce.eu\/wp-content\/uploads\/2025\/07\/henk-web-3-293x300.png 293w, https:\/\/hhce.eu\/wp-content\/uploads\/2025\/07\/henk-web-3-768x787.png 768w\" sizes=\"(max-width: 800px) 100vw, 800px\" \/>\t\t\t\t\t\t\t\t\t\t\t\t\t\t\t<\/div>\n\t\t\t\t<\/div>\n\t\t\t\t\t<\/div>\n\t\t\t\t<\/div>\n\t\t<div class=\"elementor-element elementor-element-79acf15 e-flex e-con-boxed e-con e-parent\" data-id=\"79acf15\" data-element_type=\"container\">\n\t\t\t\t\t<div class=\"e-con-inner\">\n\t\t\t\t<div class=\"elementor-element elementor-element-b769102 elementor-widget elementor-widget-text-editor\" data-id=\"b769102\" data-element_type=\"widget\" data-widget_type=\"text-editor.default\">\n\t\t\t\t\t\t\t\t\t<p>Condividi questa pagina<\/p>\t\t\t\t\t\t\t\t<\/div>\n\t\t\t\t<div class=\"elementor-element elementor-element-a712fcd elementor-share-buttons--view-icon elementor-share-buttons--skin-framed elementor-share-buttons--shape-circle elementor-share-buttons--color-custom elementor-grid-0 elementor-widget elementor-widget-share-buttons\" data-id=\"a712fcd\" data-element_type=\"widget\" data-widget_type=\"share-buttons.default\">\n\t\t\t\t\t\t\t<div class=\"elementor-grid\" role=\"list\">\n\t\t\t\t\t\t\t\t<div class=\"elementor-grid-item\" role=\"listitem\">\n\t\t\t\t\t\t<div class=\"elementor-share-btn elementor-share-btn_linkedin\" role=\"button\" tabindex=\"0\" aria-label=\"Condividi su linkedin\">\n\t\t\t\t\t\t\t\t\t\t\t\t\t\t\t<span class=\"elementor-share-btn__icon\">\n\t\t\t\t\t\t\t\t<svg aria-hidden=\"true\" class=\"e-font-icon-svg e-fab-linkedin\" viewBox=\"0 0 448 512\" xmlns=\"http:\/\/www.w3.org\/2000\/svg\"><path d=\"M416 32H31.9C14.3 32 0 46.5 0 64.3v383.4C0 465.5 14.3 480 31.9 480H416c17.6 0 32-14.5 32-32.3V64.3c0-17.8-14.4-32.3-32-32.3zM135.4 416H69V202.2h66.5V416zm-33.2-243c-21.3 0-38.5-17.3-38.5-38.5S80.9 96 102.2 96c21.2 0 38.5 17.3 38.5 38.5 0 21.3-17.2 38.5-38.5 38.5zm282.1 243h-66.4V312c0-24.8-.5-56.7-34.5-56.7-34.6 0-39.9 27-39.9 54.9V416h-66.4V202.2h63.7v29.2h.9c8.9-16.8 30.6-34.5 62.9-34.5 67.2 0 79.7 44.3 79.7 101.9V416z\"><\/path><\/svg>\t\t\t\t\t\t\t<\/span>\n\t\t\t\t\t\t\t\t\t\t\t\t\t\t\t\t\t\t\t\t<\/div>\n\t\t\t\t\t<\/div>\n\t\t\t\t\t\t\t\t\t<div class=\"elementor-grid-item\" role=\"listitem\">\n\t\t\t\t\t\t<div class=\"elementor-share-btn elementor-share-btn_twitter\" role=\"button\" tabindex=\"0\" aria-label=\"Condividi su twitter\">\n\t\t\t\t\t\t\t\t\t\t\t\t\t\t\t<span class=\"elementor-share-btn__icon\">\n\t\t\t\t\t\t\t\t<svg aria-hidden=\"true\" class=\"e-font-icon-svg e-fab-twitter\" viewBox=\"0 0 512 512\" xmlns=\"http:\/\/www.w3.org\/2000\/svg\"><path d=\"M459.37 151.716c.325 4.548.325 9.097.325 13.645 0 138.72-105.583 298.558-298.558 298.558-59.452 0-114.68-17.219-161.137-47.106 8.447.974 16.568 1.299 25.34 1.299 49.055 0 94.213-16.568 130.274-44.832-46.132-.975-84.792-31.188-98.112-72.772 6.498.974 12.995 1.624 19.818 1.624 9.421 0 18.843-1.3 27.614-3.573-48.081-9.747-84.143-51.98-84.143-102.985v-1.299c13.969 7.797 30.214 12.67 47.431 13.319-28.264-18.843-46.781-51.005-46.781-87.391 0-19.492 5.197-37.36 14.294-52.954 51.655 63.675 129.3 105.258 216.365 109.807-1.624-7.797-2.599-15.918-2.599-24.04 0-57.828 46.782-104.934 104.934-104.934 30.213 0 57.502 12.67 76.67 33.137 23.715-4.548 46.456-13.32 66.599-25.34-7.798 24.366-24.366 44.833-46.132 57.827 21.117-2.273 41.584-8.122 60.426-16.243-14.292 20.791-32.161 39.308-52.628 54.253z\"><\/path><\/svg>\t\t\t\t\t\t\t<\/span>\n\t\t\t\t\t\t\t\t\t\t\t\t\t\t\t\t\t\t\t\t<\/div>\n\t\t\t\t\t<\/div>\n\t\t\t\t\t\t<\/div>\n\t\t\t\t\t\t<\/div>\n\t\t\t\t\t<\/div>\n\t\t\t\t<\/div>\n\t\t\t\t<\/div>\n\t\t","protected":false},"excerpt":{"rendered":"<p>Traduzione di siti web Almeno il 75% degli utenti di Internet acquista un prodotto solo se le informazioni vengono fornite nella propria lingua, quindi avere un sito plurilingue ti offrir\u00e0 grandi opportunit\u00e0. Ma qual \u00e8 il modo migliore per tradurre un sito web? Contattaci Scegli un approccio professionale Esattamente come qualunque altro tipo di comunicazione, [&hellip;]<\/p>\n","protected":false},"author":1,"featured_media":0,"parent":0,"menu_order":0,"comment_status":"closed","ping_status":"closed","template":"","meta":{"footnotes":""},"class_list":["post-1400","page","type-page","status-publish","hentry"],"_links":{"self":[{"href":"https:\/\/hhce.eu\/it\/wp-json\/wp\/v2\/pages\/1400","targetHints":{"allow":["GET"]}}],"collection":[{"href":"https:\/\/hhce.eu\/it\/wp-json\/wp\/v2\/pages"}],"about":[{"href":"https:\/\/hhce.eu\/it\/wp-json\/wp\/v2\/types\/page"}],"author":[{"embeddable":true,"href":"https:\/\/hhce.eu\/it\/wp-json\/wp\/v2\/users\/1"}],"replies":[{"embeddable":true,"href":"https:\/\/hhce.eu\/it\/wp-json\/wp\/v2\/comments?post=1400"}],"version-history":[{"count":0,"href":"https:\/\/hhce.eu\/it\/wp-json\/wp\/v2\/pages\/1400\/revisions"}],"wp:attachment":[{"href":"https:\/\/hhce.eu\/it\/wp-json\/wp\/v2\/media?parent=1400"}],"curies":[{"name":"wp","href":"https:\/\/api.w.org\/{rel}","templated":true}]}}