{"id":1975,"date":"2025-08-02T14:54:55","date_gmt":"2025-08-02T12:54:55","guid":{"rendered":"https:\/\/hhce.eu\/zespol\/"},"modified":"2025-12-05T16:02:24","modified_gmt":"2025-12-05T15:02:24","slug":"zespol","status":"publish","type":"page","link":"https:\/\/hhce.eu\/pl\/o-hhce\/zespol\/","title":{"rendered":"Zesp\u00f3\u0142"},"content":{"rendered":"\t\t<div data-elementor-type=\"wp-page\" data-elementor-id=\"1975\" class=\"elementor elementor-1975 elementor-701\" data-elementor-post-type=\"page\">\n\t\t\t\t<div class=\"elementor-element elementor-element-a8c74c0 e-flex e-con-boxed e-con e-parent\" data-id=\"a8c74c0\" data-element_type=\"container\">\n\t\t\t\t\t<div class=\"e-con-inner\">\n\t\t\t\t<div class=\"elementor-element elementor-element-363b285 elementor-widget__width-initial elementor-widget elementor-widget-heading\" data-id=\"363b285\" data-element_type=\"widget\" data-widget_type=\"heading.default\">\n\t\t\t\t\t<h1 class=\"elementor-heading-title elementor-size-default\">Zesp\u00f3\u0142 zarz\u0105dzaj\u0105cy\n<\/h1>\t\t\t\t<\/div>\n\t\t\t\t<div class=\"elementor-element elementor-element-93f4e01 elementor-widget__width-initial elementor-widget elementor-widget-text-editor\" data-id=\"93f4e01\" data-element_type=\"widget\" data-widget_type=\"text-editor.default\">\n\t\t\t\t\t\t\t\t\t<section class=\"intro\"><div class=\"container\"><div class=\"row\"><div class=\"col-12 col-md-9 col-lg-9\"><p>Poznaj nasz zesp\u00f3\u0142<\/p><\/div><\/div><\/div><\/section>\t\t\t\t\t\t\t\t<\/div>\n\t\t\t\t<div class=\"elementor-element elementor-element-d85a74f caret-white elementor-widget elementor-widget-button\" data-id=\"d85a74f\" data-element_type=\"widget\" data-widget_type=\"button.default\">\n\t\t\t\t\t\t\t\t\t\t<a class=\"elementor-button elementor-button-link elementor-size-sm\" href=\"https:\/\/hhce.eu\/pl\/o-hhce\/\">\n\t\t\t\t\t\t<span class=\"elementor-button-content-wrapper\">\n\t\t\t\t\t\t<span class=\"elementor-button-icon\">\n\t\t\t\t<svg aria-hidden=\"true\" class=\"e-font-icon-svg e-fas-caret-right\" viewBox=\"0 0 192 512\" xmlns=\"http:\/\/www.w3.org\/2000\/svg\"><path d=\"M0 384.662V127.338c0-17.818 21.543-26.741 34.142-14.142l128.662 128.662c7.81 7.81 7.81 20.474 0 28.284L34.142 398.804C21.543 411.404 0 402.48 0 384.662z\"><\/path><\/svg>\t\t\t<\/span>\n\t\t\t\t\t\t\t\t\t<span class=\"elementor-button-text\">O HHCE<\/span>\n\t\t\t\t\t<\/span>\n\t\t\t\t\t<\/a>\n\t\t\t\t\t\t\t\t<\/div>\n\t\t\t\t\t<\/div>\n\t\t\t\t<\/div>\n\t\t<div class=\"elementor-element elementor-element-4c22dab e-flex e-con-boxed e-con e-parent\" data-id=\"4c22dab\" data-element_type=\"container\" data-settings=\"{&quot;background_background&quot;:&quot;classic&quot;}\">\n\t\t\t\t\t<div class=\"e-con-inner\">\n\t\t<div class=\"elementor-element elementor-element-3f16cde e-con-full e-flex e-con e-child\" data-id=\"3f16cde\" data-element_type=\"container\">\n\t\t\t\t<div class=\"elementor-element elementor-element-027ee68 elementor-widget elementor-widget-image\" data-id=\"027ee68\" data-element_type=\"widget\" data-widget_type=\"image.default\">\n\t\t\t\t\t\t\t\t\t\t\t\t\t\t\t<img fetchpriority=\"high\" decoding=\"async\" width=\"800\" height=\"820\" src=\"https:\/\/hhce.eu\/wp-content\/uploads\/2025\/07\/alison-web-2.png\" class=\"attachment-large size-large wp-image-1037\" alt=\"\" srcset=\"https:\/\/hhce.eu\/wp-content\/uploads\/2025\/07\/alison-web-2.png 800w, https:\/\/hhce.eu\/wp-content\/uploads\/2025\/07\/alison-web-2-293x300.png 293w, https:\/\/hhce.eu\/wp-content\/uploads\/2025\/07\/alison-web-2-768x787.png 768w\" sizes=\"(max-width: 800px) 100vw, 800px\" \/>\t\t\t\t\t\t\t\t\t\t\t\t\t\t\t<\/div>\n\t\t\t\t<\/div>\n\t\t<div class=\"elementor-element elementor-element-564d204 e-con-full e-flex e-con e-child\" data-id=\"564d204\" data-element_type=\"container\">\n\t\t\t\t<div class=\"elementor-element elementor-element-5dd4a9f elementor-widget elementor-widget-heading\" data-id=\"5dd4a9f\" data-element_type=\"widget\" data-widget_type=\"heading.default\">\n\t\t\t\t\t<h2 class=\"elementor-heading-title elementor-size-default\">Alison Copeland\n<\/h2>\t\t\t\t<\/div>\n\t\t\t\t<div class=\"elementor-element elementor-element-45795d7 elementor-widget elementor-widget-text-editor\" data-id=\"45795d7\" data-element_type=\"widget\" data-widget_type=\"text-editor.default\">\n\t\t\t\t\t\t\t\t\t<section class=\"section-content ct-image-bottom\"><div class=\"container\"><div class=\"row @*align-items-center*@\"><div class=\"col-12 col-md-6 \"><div><p>Brytyjska hiperpoliglotka, kt\u00f3ra w HHCE pracuje na stanowisku opiekuna klienta. \u201eKa\u017cdego dnia dok\u0142adam wszelkich stara\u0144, by spe\u0142ni\u0107 ka\u017cd\u0105 potrzeb\u0119 klienta. Nasz zesp\u00f3\u0142 jest niezwykle elastyczny i w porozumieniu z tob\u0105 opracowuje wiele praktycznych rozwi\u0105za\u0144. Prawie nigdy nie odmawiamy!\u201d.<\/p><\/div><\/div><\/div><\/div><\/section><section class=\"section-content ct-image-bottom\"><div class=\"container\"><div class=\"row @*align-items-center*@\"><div class=\"col-12 col-md-6 \"><div>\u00a0<\/div><\/div><\/div><\/div><\/section>\t\t\t\t\t\t\t\t<\/div>\n\t\t\t\t<\/div>\n\t\t\t\t\t<\/div>\n\t\t\t\t<\/div>\n\t\t<div class=\"elementor-element elementor-element-b4ccc57 e-flex e-con-boxed e-con e-parent\" data-id=\"b4ccc57\" data-element_type=\"container\" data-settings=\"{&quot;background_background&quot;:&quot;classic&quot;}\">\n\t\t\t\t\t<div class=\"e-con-inner\">\n\t\t<div class=\"elementor-element elementor-element-9de544c e-con-full e-flex e-con e-child\" data-id=\"9de544c\" data-element_type=\"container\">\n\t\t\t\t<div class=\"elementor-element elementor-element-6f6e384 elementor-widget elementor-widget-heading\" data-id=\"6f6e384\" data-element_type=\"widget\" data-widget_type=\"heading.default\">\n\t\t\t\t\t<h2 class=\"elementor-heading-title elementor-size-default\">Lucina Hoepel\n<\/h2>\t\t\t\t<\/div>\n\t\t\t\t<div class=\"elementor-element elementor-element-9978df4 elementor-widget elementor-widget-text-editor\" data-id=\"9978df4\" data-element_type=\"widget\" data-widget_type=\"text-editor.default\">\n\t\t\t\t\t\t\t\t\t<div class=\"col-12 col-md-6 \"><div><p>\u201eZnalezienie dobrego t\u0142umacza stanowi prawdziwe wyzwanie, ale widok zadowolonych korektor\u00f3w, kierownik\u00f3w projekt\u00f3w i klient\u00f3w daje mi ogromn\u0105 rado\u015b\u0107\u201d.<\/p><\/div><\/div>\t\t\t\t\t\t\t\t<\/div>\n\t\t\t\t<\/div>\n\t\t<div class=\"elementor-element elementor-element-53409fa e-con-full e-flex e-con e-child\" data-id=\"53409fa\" data-element_type=\"container\">\n\t\t\t\t<div class=\"elementor-element elementor-element-1afddc6 elementor-widget elementor-widget-image\" data-id=\"1afddc6\" data-element_type=\"widget\" data-widget_type=\"image.default\">\n\t\t\t\t\t\t\t\t\t\t\t\t\t\t\t<img decoding=\"async\" width=\"800\" height=\"820\" src=\"https:\/\/hhce.eu\/wp-content\/uploads\/2025\/08\/lucina-web-3.png\" class=\"attachment-large size-large wp-image-1235\" alt=\"\" srcset=\"https:\/\/hhce.eu\/wp-content\/uploads\/2025\/08\/lucina-web-3.png 800w, https:\/\/hhce.eu\/wp-content\/uploads\/2025\/08\/lucina-web-3-293x300.png 293w, https:\/\/hhce.eu\/wp-content\/uploads\/2025\/08\/lucina-web-3-768x787.png 768w\" sizes=\"(max-width: 800px) 100vw, 800px\" \/>\t\t\t\t\t\t\t\t\t\t\t\t\t\t\t<\/div>\n\t\t\t\t<\/div>\n\t\t\t\t\t<\/div>\n\t\t\t\t<\/div>\n\t\t<div class=\"elementor-element elementor-element-ba9f234 e-flex e-con-boxed e-con e-parent\" data-id=\"ba9f234\" data-element_type=\"container\" data-settings=\"{&quot;background_background&quot;:&quot;classic&quot;}\">\n\t\t\t\t\t<div class=\"e-con-inner\">\n\t\t<div class=\"elementor-element elementor-element-44b779c e-con-full e-flex e-con e-child\" data-id=\"44b779c\" data-element_type=\"container\">\n\t\t\t\t<div class=\"elementor-element elementor-element-efcb822 elementor-widget elementor-widget-image\" data-id=\"efcb822\" data-element_type=\"widget\" data-widget_type=\"image.default\">\n\t\t\t\t\t\t\t\t\t\t\t\t\t\t\t<img decoding=\"async\" width=\"800\" height=\"820\" src=\"https:\/\/hhce.eu\/wp-content\/uploads\/2025\/07\/henk-web-3.png\" class=\"attachment-large size-large wp-image-1007\" alt=\"\" srcset=\"https:\/\/hhce.eu\/wp-content\/uploads\/2025\/07\/henk-web-3.png 800w, https:\/\/hhce.eu\/wp-content\/uploads\/2025\/07\/henk-web-3-293x300.png 293w, https:\/\/hhce.eu\/wp-content\/uploads\/2025\/07\/henk-web-3-768x787.png 768w\" sizes=\"(max-width: 800px) 100vw, 800px\" \/>\t\t\t\t\t\t\t\t\t\t\t\t\t\t\t<\/div>\n\t\t\t\t<\/div>\n\t\t<div class=\"elementor-element elementor-element-d904e8e e-con-full e-flex e-con e-child\" data-id=\"d904e8e\" data-element_type=\"container\">\n\t\t\t\t<div class=\"elementor-element elementor-element-3c98281 elementor-widget elementor-widget-heading\" data-id=\"3c98281\" data-element_type=\"widget\" data-widget_type=\"heading.default\">\n\t\t\t\t\t<h2 class=\"elementor-heading-title elementor-size-default\">Henk Hendriks\n<\/h2>\t\t\t\t<\/div>\n\t\t\t\t<div class=\"elementor-element elementor-element-d89f247 elementor-widget elementor-widget-text-editor\" data-id=\"d89f247\" data-element_type=\"widget\" data-widget_type=\"text-editor.default\">\n\t\t\t\t\t\t\t\t\t<section class=\"section-content ct-image-bottom\"><div class=\"container\"><div class=\"row @*align-items-center*@\"><div class=\"col-12 col-md-6 \"><div><section class=\"section-content ct-image-bottom\"><div class=\"container\"><div class=\"row @*align-items-center*@\"><div class=\"col-12 col-md-6 \"><div><p>Lingwista, ekspert techniczny i w\u0142a\u015bciciel agencji. \u201eZapewnienie naszym klientom wsparcia technicznego i j\u0119zykowego to rzecz kluczowa. Zawsze powtarzam sobie, \u017ce musi istnie\u0107 \u0142atwiejsza droga, dlatego do skutku szukam rozwi\u0105za\u0144 dostosowanych do potrzeb klienta\u201d.<\/p><\/div><\/div><\/div><\/div><\/section><\/div><\/div><\/div><\/div><\/section>\t\t\t\t\t\t\t\t<\/div>\n\t\t\t\t<\/div>\n\t\t\t\t\t<\/div>\n\t\t\t\t<\/div>\n\t\t<div class=\"elementor-element elementor-element-bbf5252 e-flex e-con-boxed e-con e-parent\" data-id=\"bbf5252\" data-element_type=\"container\" data-settings=\"{&quot;background_background&quot;:&quot;classic&quot;}\">\n\t\t\t\t\t<div class=\"e-con-inner\">\n\t\t<div class=\"elementor-element elementor-element-6ffba96 e-con-full e-flex e-con e-child\" data-id=\"6ffba96\" data-element_type=\"container\">\n\t\t\t\t<div class=\"elementor-element elementor-element-b80092d elementor-widget elementor-widget-heading\" data-id=\"b80092d\" data-element_type=\"widget\" data-widget_type=\"heading.default\">\n\t\t\t\t\t<h2 class=\"elementor-heading-title elementor-size-default\">Joan Weijand\n<\/h2>\t\t\t\t<\/div>\n\t\t\t\t<div class=\"elementor-element elementor-element-7cba8d5 elementor-widget elementor-widget-text-editor\" data-id=\"7cba8d5\" data-element_type=\"widget\" data-widget_type=\"text-editor.default\">\n\t\t\t\t\t\t\t\t\t<div class=\"col-12 col-md-6 \"><div><p>\u201eJ\u0119zyki \u0142\u0105cz\u0105 ludzi. W erze cyfrowej jest to bardziej prawdziwe ni\u017c kiedykolwiek wcze\u015bniej. Doskona\u0142e t\u0142umaczenie jest wi\u0119c niezb\u0119dne! W HHCE mog\u0119 wykorzystywa\u0107 swoj\u0105 mi\u0142o\u015b\u0107 do j\u0119zyk\u00f3w, by tworzy\u0107 wi\u0119\u017a z klientami i z t\u0142umaczami. M\u00f3j dzie\u0144 nie mo\u017ce si\u0119 wtedy nie uda\u0107!\u201d<\/p><\/div><\/div>\t\t\t\t\t\t\t\t<\/div>\n\t\t\t\t<\/div>\n\t\t<div class=\"elementor-element elementor-element-bf7f36f e-con-full e-flex e-con e-child\" data-id=\"bf7f36f\" data-element_type=\"container\">\n\t\t\t\t<div class=\"elementor-element elementor-element-1ba071b elementor-widget elementor-widget-image\" data-id=\"1ba071b\" data-element_type=\"widget\" data-widget_type=\"image.default\">\n\t\t\t\t\t\t\t\t\t\t\t\t\t\t\t<img loading=\"lazy\" decoding=\"async\" width=\"800\" height=\"820\" src=\"https:\/\/hhce.eu\/wp-content\/uploads\/2025\/08\/joan-web.png\" class=\"attachment-large size-large wp-image-1205\" alt=\"\" srcset=\"https:\/\/hhce.eu\/wp-content\/uploads\/2025\/08\/joan-web.png 800w, https:\/\/hhce.eu\/wp-content\/uploads\/2025\/08\/joan-web-293x300.png 293w, https:\/\/hhce.eu\/wp-content\/uploads\/2025\/08\/joan-web-768x787.png 768w\" sizes=\"(max-width: 800px) 100vw, 800px\" \/>\t\t\t\t\t\t\t\t\t\t\t\t\t\t\t<\/div>\n\t\t\t\t<\/div>\n\t\t\t\t\t<\/div>\n\t\t\t\t<\/div>\n\t\t<div class=\"elementor-element elementor-element-9ce4e22 e-flex e-con-boxed e-con e-parent\" data-id=\"9ce4e22\" data-element_type=\"container\" data-settings=\"{&quot;background_background&quot;:&quot;classic&quot;}\">\n\t\t\t\t\t<div class=\"e-con-inner\">\n\t\t<div class=\"elementor-element elementor-element-f567f81 e-con-full e-flex e-con e-child\" data-id=\"f567f81\" data-element_type=\"container\">\n\t\t\t\t<div class=\"elementor-element elementor-element-babd73a elementor-widget elementor-widget-image\" data-id=\"babd73a\" data-element_type=\"widget\" data-widget_type=\"image.default\">\n\t\t\t\t\t\t\t\t\t\t\t\t\t\t\t<img loading=\"lazy\" decoding=\"async\" width=\"800\" height=\"562\" src=\"https:\/\/hhce.eu\/wp-content\/uploads\/2025\/07\/team-elsbeth-2.png\" class=\"attachment-large size-large wp-image-863\" alt=\"\" srcset=\"https:\/\/hhce.eu\/wp-content\/uploads\/2025\/07\/team-elsbeth-2.png 800w, https:\/\/hhce.eu\/wp-content\/uploads\/2025\/07\/team-elsbeth-2-300x211.png 300w, https:\/\/hhce.eu\/wp-content\/uploads\/2025\/07\/team-elsbeth-2-768x540.png 768w\" sizes=\"(max-width: 800px) 100vw, 800px\" \/>\t\t\t\t\t\t\t\t\t\t\t\t\t\t\t<\/div>\n\t\t\t\t<\/div>\n\t\t<div class=\"elementor-element elementor-element-ad3723c e-con-full e-flex e-con e-child\" data-id=\"ad3723c\" data-element_type=\"container\">\n\t\t\t\t<div class=\"elementor-element elementor-element-3c0c8e5 elementor-widget elementor-widget-heading\" data-id=\"3c0c8e5\" data-element_type=\"widget\" data-widget_type=\"heading.default\">\n\t\t\t\t\t<h2 class=\"elementor-heading-title elementor-size-default\">Elsbeth Rooker\n<\/h2>\t\t\t\t<\/div>\n\t\t\t\t<div class=\"elementor-element elementor-element-c3c66ea elementor-widget elementor-widget-text-editor\" data-id=\"c3c66ea\" data-element_type=\"widget\" data-widget_type=\"text-editor.default\">\n\t\t\t\t\t\t\t\t\t<section class=\"section-content ct-image-bottom\"><div class=\"container\"><div class=\"row @*align-items-center*@\"><div class=\"col-12 col-md-6 \"><div><p>W\u0142a\u015bcicielka agencji, posiadaj\u0105ca 30 lat do\u015bwiadczenia w bran\u017cy j\u0119zykowej. \u201eNajwa\u017cniejszy jest dla nas klient. Nasz zesp\u00f3\u0142 stara si\u0119 patrze\u0107 z twojej perspektywy, zadaje pytania i chce ci\u0119 pozna\u0107. Ci\u0105gle analizuje r\u00f3wnie\u017c w\u0142asn\u0105 prac\u0119. O to w\u0142a\u015bnie chodzi w HHCE\u201d.<\/p><\/div><\/div><\/div><\/div><\/section>\t\t\t\t\t\t\t\t<\/div>\n\t\t\t\t<\/div>\n\t\t\t\t\t<\/div>\n\t\t\t\t<\/div>\n\t\t<div class=\"elementor-element elementor-element-d2a24e0 e-flex e-con-boxed e-con e-parent\" data-id=\"d2a24e0\" data-element_type=\"container\" data-settings=\"{&quot;background_background&quot;:&quot;classic&quot;}\">\n\t\t\t\t\t<div class=\"e-con-inner\">\n\t\t<div class=\"elementor-element elementor-element-296273e e-con-full e-flex e-con e-child\" data-id=\"296273e\" data-element_type=\"container\">\n\t\t\t\t<div class=\"elementor-element elementor-element-3050419 elementor-widget elementor-widget-heading\" data-id=\"3050419\" data-element_type=\"widget\" data-widget_type=\"heading.default\">\n\t\t\t\t\t<h2 class=\"elementor-heading-title elementor-size-default\">Julia Verhoeven\n<\/h2>\t\t\t\t<\/div>\n\t\t\t\t<div class=\"elementor-element elementor-element-9abed50 elementor-widget elementor-widget-text-editor\" data-id=\"9abed50\" data-element_type=\"widget\" data-widget_type=\"text-editor.default\">\n\t\t\t\t\t\t\t\t\t<div class=\"col-12 col-md-6 \"><div><p>\u201eKa\u017cdy dzie\u0144 jest inny, szczeg\u00f3lnie je\u015bli jeste\u015b kierownikiem projektu, ale w\u0142a\u015bnie to w tej pracy lubi\u0119 najbardziej. Zawsze ch\u0119tnie wsp\u00f3\u0142pracuj\u0119 z klientami i t\u0142umaczami, by\u015bmy mogli wsp\u00f3lnie uzyska\u0107 oczekiwany rezultat niezale\u017cnie od tego, czy chodzi t\u0142umaczenie tekstu, czy filmu z napisami\u201d.<\/p><\/div><\/div><div class=\"col-12 col-md-6 image-bottom\"><div>\u00a0<\/div><\/div>\t\t\t\t\t\t\t\t<\/div>\n\t\t\t\t<\/div>\n\t\t<div class=\"elementor-element elementor-element-1bac016 e-con-full e-flex e-con e-child\" data-id=\"1bac016\" data-element_type=\"container\">\n\t\t\t\t<div class=\"elementor-element elementor-element-0495450 elementor-widget elementor-widget-image\" data-id=\"0495450\" data-element_type=\"widget\" data-widget_type=\"image.default\">\n\t\t\t\t\t\t\t\t\t\t\t\t\t\t\t<img loading=\"lazy\" decoding=\"async\" width=\"800\" height=\"820\" src=\"https:\/\/hhce.eu\/wp-content\/uploads\/2025\/08\/julia-web-3.png\" class=\"attachment-large size-large wp-image-1193\" alt=\"\" srcset=\"https:\/\/hhce.eu\/wp-content\/uploads\/2025\/08\/julia-web-3.png 800w, https:\/\/hhce.eu\/wp-content\/uploads\/2025\/08\/julia-web-3-293x300.png 293w, https:\/\/hhce.eu\/wp-content\/uploads\/2025\/08\/julia-web-3-768x787.png 768w\" sizes=\"(max-width: 800px) 100vw, 800px\" \/>\t\t\t\t\t\t\t\t\t\t\t\t\t\t\t<\/div>\n\t\t\t\t<\/div>\n\t\t\t\t\t<\/div>\n\t\t\t\t<\/div>\n\t\t<div class=\"elementor-element elementor-element-dde065f e-flex e-con-boxed e-con e-parent\" data-id=\"dde065f\" data-element_type=\"container\">\n\t\t\t\t\t<div class=\"e-con-inner\">\n\t\t\t\t<div class=\"elementor-element elementor-element-b8c7b80 elementor-widget elementor-widget-text-editor\" data-id=\"b8c7b80\" data-element_type=\"widget\" data-widget_type=\"text-editor.default\">\n\t\t\t\t\t\t\t\t\t<p>Udost\u0119pnij t\u0119 stron\u0119<\/p>\t\t\t\t\t\t\t\t<\/div>\n\t\t\t\t<div class=\"elementor-element elementor-element-92f0b3e elementor-share-buttons--view-icon elementor-share-buttons--skin-framed elementor-share-buttons--shape-circle elementor-share-buttons--color-custom elementor-grid-0 elementor-widget elementor-widget-share-buttons\" data-id=\"92f0b3e\" data-element_type=\"widget\" data-widget_type=\"share-buttons.default\">\n\t\t\t\t\t\t\t<div class=\"elementor-grid\" role=\"list\">\n\t\t\t\t\t\t\t\t<div class=\"elementor-grid-item\" role=\"listitem\">\n\t\t\t\t\t\t<div class=\"elementor-share-btn elementor-share-btn_linkedin\" role=\"button\" tabindex=\"0\" aria-label=\"Share on linkedin\">\n\t\t\t\t\t\t\t\t\t\t\t\t\t\t\t<span class=\"elementor-share-btn__icon\">\n\t\t\t\t\t\t\t\t<svg aria-hidden=\"true\" class=\"e-font-icon-svg e-fab-linkedin\" viewBox=\"0 0 448 512\" xmlns=\"http:\/\/www.w3.org\/2000\/svg\"><path d=\"M416 32H31.9C14.3 32 0 46.5 0 64.3v383.4C0 465.5 14.3 480 31.9 480H416c17.6 0 32-14.5 32-32.3V64.3c0-17.8-14.4-32.3-32-32.3zM135.4 416H69V202.2h66.5V416zm-33.2-243c-21.3 0-38.5-17.3-38.5-38.5S80.9 96 102.2 96c21.2 0 38.5 17.3 38.5 38.5 0 21.3-17.2 38.5-38.5 38.5zm282.1 243h-66.4V312c0-24.8-.5-56.7-34.5-56.7-34.6 0-39.9 27-39.9 54.9V416h-66.4V202.2h63.7v29.2h.9c8.9-16.8 30.6-34.5 62.9-34.5 67.2 0 79.7 44.3 79.7 101.9V416z\"><\/path><\/svg>\t\t\t\t\t\t\t<\/span>\n\t\t\t\t\t\t\t\t\t\t\t\t\t\t\t\t\t\t\t\t<\/div>\n\t\t\t\t\t<\/div>\n\t\t\t\t\t\t\t\t\t<div class=\"elementor-grid-item\" role=\"listitem\">\n\t\t\t\t\t\t<div class=\"elementor-share-btn elementor-share-btn_twitter\" role=\"button\" tabindex=\"0\" aria-label=\"Share on twitter\">\n\t\t\t\t\t\t\t\t\t\t\t\t\t\t\t<span class=\"elementor-share-btn__icon\">\n\t\t\t\t\t\t\t\t<svg aria-hidden=\"true\" class=\"e-font-icon-svg e-fab-twitter\" viewBox=\"0 0 512 512\" xmlns=\"http:\/\/www.w3.org\/2000\/svg\"><path d=\"M459.37 151.716c.325 4.548.325 9.097.325 13.645 0 138.72-105.583 298.558-298.558 298.558-59.452 0-114.68-17.219-161.137-47.106 8.447.974 16.568 1.299 25.34 1.299 49.055 0 94.213-16.568 130.274-44.832-46.132-.975-84.792-31.188-98.112-72.772 6.498.974 12.995 1.624 19.818 1.624 9.421 0 18.843-1.3 27.614-3.573-48.081-9.747-84.143-51.98-84.143-102.985v-1.299c13.969 7.797 30.214 12.67 47.431 13.319-28.264-18.843-46.781-51.005-46.781-87.391 0-19.492 5.197-37.36 14.294-52.954 51.655 63.675 129.3 105.258 216.365 109.807-1.624-7.797-2.599-15.918-2.599-24.04 0-57.828 46.782-104.934 104.934-104.934 30.213 0 57.502 12.67 76.67 33.137 23.715-4.548 46.456-13.32 66.599-25.34-7.798 24.366-24.366 44.833-46.132 57.827 21.117-2.273 41.584-8.122 60.426-16.243-14.292 20.791-32.161 39.308-52.628 54.253z\"><\/path><\/svg>\t\t\t\t\t\t\t<\/span>\n\t\t\t\t\t\t\t\t\t\t\t\t\t\t\t\t\t\t\t\t<\/div>\n\t\t\t\t\t<\/div>\n\t\t\t\t\t\t<\/div>\n\t\t\t\t\t\t<\/div>\n\t\t\t\t\t<\/div>\n\t\t\t\t<\/div>\n\t\t\t\t<\/div>\n\t\t","protected":false},"excerpt":{"rendered":"<p>Zesp\u00f3\u0142 zarz\u0105dzaj\u0105cy Poznaj nasz zesp\u00f3\u0142 O HHCE Alison Copeland Brytyjska hiperpoliglotka, kt\u00f3ra w HHCE pracuje na stanowisku opiekuna klienta. \u201eKa\u017cdego dnia dok\u0142adam wszelkich stara\u0144, by spe\u0142ni\u0107 ka\u017cd\u0105 potrzeb\u0119 klienta. Nasz zesp\u00f3\u0142 jest niezwykle elastyczny i w porozumieniu z tob\u0105 opracowuje wiele praktycznych rozwi\u0105za\u0144. Prawie nigdy nie odmawiamy!\u201d. \u00a0 Lucina Hoepel \u201eZnalezienie dobrego t\u0142umacza stanowi prawdziwe [&hellip;]<\/p>\n","protected":false},"author":1,"featured_media":0,"parent":1996,"menu_order":0,"comment_status":"closed","ping_status":"closed","template":"","meta":{"footnotes":""},"class_list":["post-1975","page","type-page","status-publish","hentry"],"_links":{"self":[{"href":"https:\/\/hhce.eu\/pl\/wp-json\/wp\/v2\/pages\/1975","targetHints":{"allow":["GET"]}}],"collection":[{"href":"https:\/\/hhce.eu\/pl\/wp-json\/wp\/v2\/pages"}],"about":[{"href":"https:\/\/hhce.eu\/pl\/wp-json\/wp\/v2\/types\/page"}],"author":[{"embeddable":true,"href":"https:\/\/hhce.eu\/pl\/wp-json\/wp\/v2\/users\/1"}],"replies":[{"embeddable":true,"href":"https:\/\/hhce.eu\/pl\/wp-json\/wp\/v2\/comments?post=1975"}],"version-history":[{"count":0,"href":"https:\/\/hhce.eu\/pl\/wp-json\/wp\/v2\/pages\/1975\/revisions"}],"up":[{"embeddable":true,"href":"https:\/\/hhce.eu\/pl\/wp-json\/wp\/v2\/pages\/1996"}],"wp:attachment":[{"href":"https:\/\/hhce.eu\/pl\/wp-json\/wp\/v2\/media?parent=1975"}],"curies":[{"name":"wp","href":"https:\/\/api.w.org\/{rel}","templated":true}]}}