{"id":1994,"date":"2025-08-02T11:57:05","date_gmt":"2025-08-02T09:57:05","guid":{"rendered":"https:\/\/hhce.eu\/tlumaczenia\/"},"modified":"2025-12-18T15:09:17","modified_gmt":"2025-12-18T14:09:17","slug":"tlumaczenia","status":"publish","type":"page","link":"https:\/\/hhce.eu\/pl\/tlumaczenia\/","title":{"rendered":"T\u0142umaczenia"},"content":{"rendered":"\t\t<div data-elementor-type=\"wp-page\" data-elementor-id=\"1994\" class=\"elementor elementor-1994 elementor-578\" data-elementor-post-type=\"page\">\n\t\t\t\t<div class=\"elementor-element elementor-element-e926acf e-flex e-con-boxed e-con e-parent\" data-id=\"e926acf\" data-element_type=\"container\">\n\t\t\t\t\t<div class=\"e-con-inner\">\n\t\t\t\t<div class=\"elementor-element elementor-element-8ac8084 elementor-widget__width-initial elementor-widget elementor-widget-heading\" data-id=\"8ac8084\" data-element_type=\"widget\" data-widget_type=\"heading.default\">\n\t\t\t\t\t<h1 class=\"elementor-heading-title elementor-size-default\">T\u0142umaczenia<\/h1>\t\t\t\t<\/div>\n\t\t\t\t<div class=\"elementor-element elementor-element-4bb4885 elementor-widget__width-initial elementor-widget elementor-widget-text-editor\" data-id=\"4bb4885\" data-element_type=\"widget\" data-widget_type=\"text-editor.default\">\n\t\t\t\t\t\t\t\t\t<section class=\"intro\"><div class=\"container\"><div class=\"row\"><div class=\"col-12 col-md-9 col-lg-9\"><section class=\"intro\"><div class=\"container\"><div class=\"row\"><div class=\"col-12 col-md-9 col-lg-9\"><p>HHCE to sprawdzone biuro t\u0142umacze\u0144. Przet\u0142umaczyli\u015bmy setki milion\u00f3w s\u0142\u00f3w, wi\u0119c mo\u017cliwe, \u017ce zdarzy\u0142o ci si\u0119 ju\u017c mie\u0107 do czynienia z naszym tekstem, cho\u0107 nawet o tym nie wiesz. Tak w\u0142a\u015bnie powinno by\u0107. Czytaj\u0105c t\u0142umaczenie, odbiorca nie powinien czu\u0107, \u017ce ma przed sob\u0105 przek\u0142ad.<\/p><\/div><\/div><\/div><\/section><\/div><\/div><\/div><\/section>\t\t\t\t\t\t\t\t<\/div>\n\t\t\t\t<div class=\"elementor-element elementor-element-56b0252 caret-white elementor-widget elementor-widget-button\" data-id=\"56b0252\" data-element_type=\"widget\" data-widget_type=\"button.default\">\n\t\t\t\t\t\t\t\t\t\t<a class=\"elementor-button elementor-button-link elementor-size-sm\" href=\"https:\/\/hhce.eu\/pl\/kontakt\/\">\n\t\t\t\t\t\t<span class=\"elementor-button-content-wrapper\">\n\t\t\t\t\t\t<span class=\"elementor-button-icon\">\n\t\t\t\t<svg aria-hidden=\"true\" class=\"e-font-icon-svg e-fas-caret-right\" viewBox=\"0 0 192 512\" xmlns=\"http:\/\/www.w3.org\/2000\/svg\"><path d=\"M0 384.662V127.338c0-17.818 21.543-26.741 34.142-14.142l128.662 128.662c7.81 7.81 7.81 20.474 0 28.284L34.142 398.804C21.543 411.404 0 402.48 0 384.662z\"><\/path><\/svg>\t\t\t<\/span>\n\t\t\t\t\t\t\t\t\t<span class=\"elementor-button-text\">Kontakt<\/span>\n\t\t\t\t\t<\/span>\n\t\t\t\t\t<\/a>\n\t\t\t\t\t\t\t\t<\/div>\n\t\t\t\t\t<\/div>\n\t\t\t\t<\/div>\n\t\t<div class=\"elementor-element elementor-element-e4f0087 e-con-full e-flex e-con e-parent\" data-id=\"e4f0087\" data-element_type=\"container\" data-settings=\"{&quot;background_background&quot;:&quot;classic&quot;}\">\n\t\t<div class=\"elementor-element elementor-element-f2028c7 e-con-full e-flex e-con e-child\" data-id=\"f2028c7\" data-element_type=\"container\">\n\t\t\t\t<div class=\"elementor-element elementor-element-bcdc0d5 elementor-widget elementor-widget-image\" data-id=\"bcdc0d5\" data-element_type=\"widget\" data-widget_type=\"image.default\">\n\t\t\t\t\t\t\t\t\t\t\t\t\t\t\t<img fetchpriority=\"high\" decoding=\"async\" width=\"1200\" height=\"913\" src=\"https:\/\/hhce.eu\/wp-content\/uploads\/2025\/08\/translation_05.jpg\" class=\"attachment-full size-full wp-image-1175\" alt=\"\" srcset=\"https:\/\/hhce.eu\/wp-content\/uploads\/2025\/08\/translation_05.jpg 1200w, https:\/\/hhce.eu\/wp-content\/uploads\/2025\/08\/translation_05-300x228.jpg 300w, https:\/\/hhce.eu\/wp-content\/uploads\/2025\/08\/translation_05-1024x779.jpg 1024w, https:\/\/hhce.eu\/wp-content\/uploads\/2025\/08\/translation_05-768x584.jpg 768w\" sizes=\"(max-width: 1200px) 100vw, 1200px\" \/>\t\t\t\t\t\t\t\t\t\t\t\t\t\t\t<\/div>\n\t\t\t\t<\/div>\n\t\t<div class=\"elementor-element elementor-element-350f02f e-con-full e-flex e-con e-child\" data-id=\"350f02f\" data-element_type=\"container\">\n\t\t\t\t<div class=\"elementor-element elementor-element-a7f49c5 elementor-widget elementor-widget-heading\" data-id=\"a7f49c5\" data-element_type=\"widget\" data-widget_type=\"heading.default\">\n\t\t\t\t\t<h2 class=\"elementor-heading-title elementor-size-default\">Rodzimi u\u017cytkownicy j\u0119zyk\u00f3w i nie tylko\n<\/h2>\t\t\t\t<\/div>\n\t\t\t\t<div class=\"elementor-element elementor-element-9629c80 elementor-widget elementor-widget-text-editor\" data-id=\"9629c80\" data-element_type=\"widget\" data-widget_type=\"text-editor.default\">\n\t\t\t\t\t\t\t\t\t<section class=\"section-content highlight-background-50-l twee-koloms-50\"><div class=\"container\"><div class=\"row justify-content-end\"><div class=\"col-12 col-md-6\"><div><p>Nie musimy chyba nawet podkre\u015bla\u0107 tego, \u017ce wszyscy nasi t\u0142umacze s\u0105 rodzimymi u\u017cytkownikami swoich j\u0119zyk\u00f3w, czyli native speakerami. Osoby te maj\u0105 du\u017ce do\u015bwiadczenie i odpowiednie kwalifikacje j\u0119zykowe, ale to nie wszystko. Nasi t\u0142umacze nie skupiaj\u0105 si\u0119 wy\u0142\u0105cznie na samym tek\u015bcie, ale r\u00f3wnie\u017c zadaj\u0105 pytania i staraj\u0105 si\u0119 patrze\u0107 na temat z twojej perspektywy. Chc\u0105 pozna\u0107 twoj\u0105 histori\u0119, misj\u0119 i wizj\u0119 oraz wiedzie\u0107, z kim si\u0119 komunikujesz, jak to robisz i z jakiej platformy korzystasz.<\/p><\/div><\/div><\/div><\/div><\/section>\t\t\t\t\t\t\t\t<\/div>\n\t\t\t\t<\/div>\n\t\t\t\t<\/div>\n\t\t<div class=\"elementor-element elementor-element-5b799a1 e-flex e-con-boxed e-con e-parent\" data-id=\"5b799a1\" data-element_type=\"container\">\n\t\t\t\t\t<div class=\"e-con-inner\">\n\t\t\t\t<div class=\"elementor-element elementor-element-cf989bb elementor-widget elementor-widget-heading\" data-id=\"cf989bb\" data-element_type=\"widget\" data-widget_type=\"heading.default\">\n\t\t\t\t\t<h2 class=\"elementor-heading-title elementor-size-default\">Narz\u0119dzia, bazy danych, t\u0142umaczenia maszynowe i sztuczna inteligencja\n<\/h2>\t\t\t\t<\/div>\n\t\t\t\t<div class=\"elementor-element elementor-element-f9617c4 elementor-widget elementor-widget-text-editor\" data-id=\"f9617c4\" data-element_type=\"widget\" data-widget_type=\"text-editor.default\">\n\t\t\t\t\t\t\t\t\t<section class=\"section-content\"><div class=\"container\"><div class=\"row justify-content-center\"><div class=\"col-12\"><div><p>Nie b\u0119dziemy ci\u0119 zanudza\u0107 informacjami o r\u00f3\u017cnych narz\u0119dziach, kt\u00f3re wykorzystujemy w procesie t\u0142umaczenia \u2013 w ko\u0144cu stolarz nie opowiada ci o tym, jak dzia\u0142a wyrzynarka. Liczy si\u0119 to, by produkt ko\u0144cowy by\u0142 dobry. HHCE wykorzystuje narz\u0119dzia, kt\u00f3re obni\u017caj\u0105 koszty t\u0142umaczenia, gwarantuj\u0105 sp\u00f3jno\u015b\u0107 i usprawniaj\u0105 ca\u0142y proces.<\/p><\/div><\/div><\/div><\/div><\/section><section class=\"section-content highlight-background-50-r twee-koloms-50\"><div class=\"bg-image hidden-xs\">\u00a0<\/div><\/section>\t\t\t\t\t\t\t\t<\/div>\n\t\t\t\t\t<\/div>\n\t\t\t\t<\/div>\n\t\t<div class=\"elementor-element elementor-element-6ceb1bf e-con-full e-flex e-con e-parent\" data-id=\"6ceb1bf\" data-element_type=\"container\" data-settings=\"{&quot;background_background&quot;:&quot;classic&quot;}\">\n\t\t<div class=\"elementor-element elementor-element-55ab30a e-con-full e-flex e-con e-child\" data-id=\"55ab30a\" data-element_type=\"container\">\n\t\t\t\t<div class=\"elementor-element elementor-element-4db76ce elementor-widget elementor-widget-heading\" data-id=\"4db76ce\" data-element_type=\"widget\" data-widget_type=\"heading.default\">\n\t\t\t\t\t<h2 class=\"elementor-heading-title elementor-size-default\">Bez terminologii ani rusz\n<\/h2>\t\t\t\t<\/div>\n\t\t\t\t<div class=\"elementor-element elementor-element-a46fe29 elementor-widget elementor-widget-text-editor\" data-id=\"a46fe29\" data-element_type=\"widget\" data-widget_type=\"text-editor.default\">\n\t\t\t\t\t\t\t\t\t<section class=\"section-content highlight-background-50-r twee-koloms-50\"><div class=\"container\"><div class=\"row\"><div class=\"col-12 col-md-6\"><div><p>Ka\u017cd\u0105 dziedzin\u0119 cechuj\u0105 specjalistyczne terminy i ka\u017cda firma czy organizacja ma sw\u00f3j wewn\u0119trzny \u017cargon. T\u0142umaczenia musz\u0105 to odzwierciedla\u0107, a stosowana w nich terminologia musi by\u0107 sp\u00f3jna. Dla ka\u017cdego klienta przygotowujemy wi\u0119c glosariusze, kt\u00f3re przechowujemy w bazie danych. Poniewa\u017c terminologia od czasu do czasu si\u0119 zmienia, pewne poj\u0119cia przestaj\u0105 by\u0107 u\u017cywane i w ich miejsce pojawiaj\u0105 si\u0119 nowe. Na szcz\u0119\u015bcie we wszystkich tych kwestiach mo\u017cesz zda\u0107 si\u0119 na nas.<\/p><\/div><\/div><\/div><\/div><\/section><section class=\"section-content\"><div class=\"container\"><div class=\"row justify-content-center\"><div class=\"col-12\"><div>\u00a0<\/div><\/div><\/div><\/div><\/section>\t\t\t\t\t\t\t\t<\/div>\n\t\t\t\t<\/div>\n\t\t<div class=\"elementor-element elementor-element-02a5be0 e-con-full e-flex e-con e-child\" data-id=\"02a5be0\" data-element_type=\"container\">\n\t\t\t\t<div class=\"elementor-element elementor-element-ce5220d elementor-widget elementor-widget-image\" data-id=\"ce5220d\" data-element_type=\"widget\" data-widget_type=\"image.default\">\n\t\t\t\t\t\t\t\t\t\t\t\t\t\t\t<img decoding=\"async\" width=\"1303\" height=\"800\" src=\"https:\/\/hhce.eu\/wp-content\/uploads\/2025\/08\/translations_11.jpg\" class=\"attachment-full size-full wp-image-1181\" alt=\"\" srcset=\"https:\/\/hhce.eu\/wp-content\/uploads\/2025\/08\/translations_11.jpg 1303w, https:\/\/hhce.eu\/wp-content\/uploads\/2025\/08\/translations_11-300x184.jpg 300w, https:\/\/hhce.eu\/wp-content\/uploads\/2025\/08\/translations_11-1024x629.jpg 1024w, https:\/\/hhce.eu\/wp-content\/uploads\/2025\/08\/translations_11-768x472.jpg 768w\" sizes=\"(max-width: 1303px) 100vw, 1303px\" \/>\t\t\t\t\t\t\t\t\t\t\t\t\t\t\t<\/div>\n\t\t\t\t<\/div>\n\t\t\t\t<\/div>\n\t\t<div class=\"elementor-element elementor-element-db2ccf5 e-flex e-con-boxed e-con e-parent\" data-id=\"db2ccf5\" data-element_type=\"container\">\n\t\t\t\t\t<div class=\"e-con-inner\">\n\t\t\t\t<div class=\"elementor-element elementor-element-c07f017 elementor-widget elementor-widget-heading\" data-id=\"c07f017\" data-element_type=\"widget\" data-widget_type=\"heading.default\">\n\t\t\t\t\t<h2 class=\"elementor-heading-title elementor-size-default\">Cz\u0142owiek i maszyna\n<\/h2>\t\t\t\t<\/div>\n\t\t\t\t<div class=\"elementor-element elementor-element-f436c5d elementor-widget elementor-widget-text-editor\" data-id=\"f436c5d\" data-element_type=\"widget\" data-widget_type=\"text-editor.default\">\n\t\t\t\t\t\t\t\t\t<section class=\"section-content\"><div class=\"container\"><div class=\"row justify-content-center\"><div class=\"col-12\"><div><section class=\"section-content\"><div class=\"container\"><div class=\"row justify-content-center\"><div class=\"col-12\"><div><p>T\u0142umaczenia maszynowe staj\u0105 si\u0119 coraz lepsze. Na znaczeniu wyra\u017anie zyskuj\u0105 neuronowe t\u0142umaczenia maszynowe, kt\u00f3re dzi\u0119ki wykorzystaniu sztucznej inteligencji (AI) pozwalaj\u0105 osi\u0105gn\u0105\u0107 znacznie lepsze wyniki ni\u017c tradycyjne t\u0142umaczenia przy u\u017cyciu narz\u0119dzi Google. Mimo tych wszystkich zalet nie nadaj\u0105 si\u0119 one do ka\u017cdego rodzaju tekst\u00f3w. Teksty marketingowe, sprawozdania roczne i specjalistyczne teksty mog\u0105 t\u0142umaczy\u0107 wy\u0142\u0105cznie ludzie. Wszystko zale\u017cy od tego, do kogo chcesz dotrze\u0107 i co chcesz osi\u0105gn\u0105\u0107. <a title=\"Contact\" href=\"https:\/\/hhce.eu\/pl\/kontakt\/\">Skontaktuj<\/a> si\u0119 z nami w celu uzyskania porady.<\/p><\/div><\/div><\/div><\/div><\/section><section class=\"section-content \"><div class=\"container\"><div class=\"row @*align-items-center*@\"><div class=\"col-12 col-md-6 \"><div>\u00a0<\/div><\/div><\/div><\/div><\/section><\/div><\/div><\/div><\/div><\/section>\t\t\t\t\t\t\t\t<\/div>\n\t\t\t\t\t<\/div>\n\t\t\t\t<\/div>\n\t\t<div class=\"elementor-element elementor-element-c656b8e e-flex e-con-boxed e-con e-parent\" data-id=\"c656b8e\" data-element_type=\"container\" data-settings=\"{&quot;background_background&quot;:&quot;classic&quot;}\">\n\t\t\t\t\t<div class=\"e-con-inner\">\n\t\t<div class=\"elementor-element elementor-element-b378006 e-con-full e-flex e-con e-child\" data-id=\"b378006\" data-element_type=\"container\">\n\t\t\t\t<div class=\"elementor-element elementor-element-9c6453d elementor-widget elementor-widget-heading\" data-id=\"9c6453d\" data-element_type=\"widget\" data-widget_type=\"heading.default\">\n\t\t\t\t\t<h2 class=\"elementor-heading-title elementor-size-default\">Chcesz przet\u0142umaczy\u0107 tekst?\n<\/h2>\t\t\t\t<\/div>\n\t\t\t\t<div class=\"elementor-element elementor-element-691dc48 elementor-widget elementor-widget-text-editor\" data-id=\"691dc48\" data-element_type=\"widget\" data-widget_type=\"text-editor.default\">\n\t\t\t\t\t\t\t\t\t<p>Potrzebujesz dotrze\u0107 do odbiorc\u00f3w z zagranicy, ale jednocze\u015bnie utrzyma\u0107 jako\u015b\u0107 swojego tekstu. Szczeg\u00f3\u0142owo om\u00f3wimy z tob\u0105 twoje wymagania i oczekiwania, a nast\u0119pnie nasi t\u0142umacze przyst\u0105pi\u0105 do pracy, \u017ceby dostarczy\u0107 ci t\u0142umaczenie, o kt\u00f3rym marzysz.<\/p>\t\t\t\t\t\t\t\t<\/div>\n\t\t\t\t<div class=\"elementor-element elementor-element-ffde3a1 elementor-mobile-align-left caret-indent elementor-widget elementor-widget-button\" data-id=\"ffde3a1\" data-element_type=\"widget\" data-widget_type=\"button.default\">\n\t\t\t\t\t\t\t\t\t\t<a class=\"elementor-button elementor-button-link elementor-size-sm\" href=\"https:\/\/hhce.eu\/pl\/kontakt\/\">\n\t\t\t\t\t\t<span class=\"elementor-button-content-wrapper\">\n\t\t\t\t\t\t<span class=\"elementor-button-icon\">\n\t\t\t\t<svg aria-hidden=\"true\" class=\"e-font-icon-svg e-fas-caret-right\" viewBox=\"0 0 192 512\" xmlns=\"http:\/\/www.w3.org\/2000\/svg\"><path d=\"M0 384.662V127.338c0-17.818 21.543-26.741 34.142-14.142l128.662 128.662c7.81 7.81 7.81 20.474 0 28.284L34.142 398.804C21.543 411.404 0 402.48 0 384.662z\"><\/path><\/svg>\t\t\t<\/span>\n\t\t\t\t\t\t\t\t\t<span class=\"elementor-button-text\">Skontaktuj si\u0119 z nami<\/span>\n\t\t\t\t\t<\/span>\n\t\t\t\t\t<\/a>\n\t\t\t\t\t\t\t\t<\/div>\n\t\t\t\t<\/div>\n\t\t<div class=\"elementor-element elementor-element-87f1942 e-con-full e-flex e-con e-child\" data-id=\"87f1942\" data-element_type=\"container\">\n\t\t\t\t<div class=\"elementor-element elementor-element-1d6116c team-member elementor-widget elementor-widget-image\" data-id=\"1d6116c\" data-element_type=\"widget\" data-widget_type=\"image.default\">\n\t\t\t\t\t\t\t\t\t\t\t\t\t\t\t<img decoding=\"async\" width=\"800\" height=\"820\" src=\"https:\/\/hhce.eu\/wp-content\/uploads\/2025\/07\/alison-web-2.png\" class=\"attachment-large size-large wp-image-1037\" alt=\"\" srcset=\"https:\/\/hhce.eu\/wp-content\/uploads\/2025\/07\/alison-web-2.png 800w, https:\/\/hhce.eu\/wp-content\/uploads\/2025\/07\/alison-web-2-293x300.png 293w, https:\/\/hhce.eu\/wp-content\/uploads\/2025\/07\/alison-web-2-768x787.png 768w\" sizes=\"(max-width: 800px) 100vw, 800px\" \/>\t\t\t\t\t\t\t\t\t\t\t\t\t\t\t<\/div>\n\t\t\t\t<\/div>\n\t\t\t\t\t<\/div>\n\t\t\t\t<\/div>\n\t\t<div class=\"elementor-element elementor-element-d787a19 e-flex e-con-boxed e-con e-parent\" data-id=\"d787a19\" data-element_type=\"container\">\n\t\t\t\t\t<div class=\"e-con-inner\">\n\t\t\t\t<div class=\"elementor-element elementor-element-bad96c7 elementor-widget elementor-widget-text-editor\" data-id=\"bad96c7\" data-element_type=\"widget\" data-widget_type=\"text-editor.default\">\n\t\t\t\t\t\t\t\t\t<p>Udost\u0119pnij t\u0119 stron\u0119<\/p>\t\t\t\t\t\t\t\t<\/div>\n\t\t\t\t<div class=\"elementor-element elementor-element-8e208dc elementor-share-buttons--view-icon elementor-share-buttons--skin-framed elementor-share-buttons--shape-circle elementor-share-buttons--color-custom elementor-grid-0 elementor-widget elementor-widget-share-buttons\" data-id=\"8e208dc\" data-element_type=\"widget\" data-widget_type=\"share-buttons.default\">\n\t\t\t\t\t\t\t<div class=\"elementor-grid\" role=\"list\">\n\t\t\t\t\t\t\t\t<div class=\"elementor-grid-item\" role=\"listitem\">\n\t\t\t\t\t\t<div class=\"elementor-share-btn elementor-share-btn_linkedin\" role=\"button\" tabindex=\"0\" aria-label=\"Share on linkedin\">\n\t\t\t\t\t\t\t\t\t\t\t\t\t\t\t<span class=\"elementor-share-btn__icon\">\n\t\t\t\t\t\t\t\t<svg aria-hidden=\"true\" class=\"e-font-icon-svg e-fab-linkedin\" viewBox=\"0 0 448 512\" xmlns=\"http:\/\/www.w3.org\/2000\/svg\"><path d=\"M416 32H31.9C14.3 32 0 46.5 0 64.3v383.4C0 465.5 14.3 480 31.9 480H416c17.6 0 32-14.5 32-32.3V64.3c0-17.8-14.4-32.3-32-32.3zM135.4 416H69V202.2h66.5V416zm-33.2-243c-21.3 0-38.5-17.3-38.5-38.5S80.9 96 102.2 96c21.2 0 38.5 17.3 38.5 38.5 0 21.3-17.2 38.5-38.5 38.5zm282.1 243h-66.4V312c0-24.8-.5-56.7-34.5-56.7-34.6 0-39.9 27-39.9 54.9V416h-66.4V202.2h63.7v29.2h.9c8.9-16.8 30.6-34.5 62.9-34.5 67.2 0 79.7 44.3 79.7 101.9V416z\"><\/path><\/svg>\t\t\t\t\t\t\t<\/span>\n\t\t\t\t\t\t\t\t\t\t\t\t\t\t\t\t\t\t\t\t<\/div>\n\t\t\t\t\t<\/div>\n\t\t\t\t\t\t\t\t\t<div class=\"elementor-grid-item\" role=\"listitem\">\n\t\t\t\t\t\t<div class=\"elementor-share-btn elementor-share-btn_twitter\" role=\"button\" tabindex=\"0\" aria-label=\"Share on twitter\">\n\t\t\t\t\t\t\t\t\t\t\t\t\t\t\t<span class=\"elementor-share-btn__icon\">\n\t\t\t\t\t\t\t\t<svg aria-hidden=\"true\" class=\"e-font-icon-svg e-fab-twitter\" viewBox=\"0 0 512 512\" xmlns=\"http:\/\/www.w3.org\/2000\/svg\"><path d=\"M459.37 151.716c.325 4.548.325 9.097.325 13.645 0 138.72-105.583 298.558-298.558 298.558-59.452 0-114.68-17.219-161.137-47.106 8.447.974 16.568 1.299 25.34 1.299 49.055 0 94.213-16.568 130.274-44.832-46.132-.975-84.792-31.188-98.112-72.772 6.498.974 12.995 1.624 19.818 1.624 9.421 0 18.843-1.3 27.614-3.573-48.081-9.747-84.143-51.98-84.143-102.985v-1.299c13.969 7.797 30.214 12.67 47.431 13.319-28.264-18.843-46.781-51.005-46.781-87.391 0-19.492 5.197-37.36 14.294-52.954 51.655 63.675 129.3 105.258 216.365 109.807-1.624-7.797-2.599-15.918-2.599-24.04 0-57.828 46.782-104.934 104.934-104.934 30.213 0 57.502 12.67 76.67 33.137 23.715-4.548 46.456-13.32 66.599-25.34-7.798 24.366-24.366 44.833-46.132 57.827 21.117-2.273 41.584-8.122 60.426-16.243-14.292 20.791-32.161 39.308-52.628 54.253z\"><\/path><\/svg>\t\t\t\t\t\t\t<\/span>\n\t\t\t\t\t\t\t\t\t\t\t\t\t\t\t\t\t\t\t\t<\/div>\n\t\t\t\t\t<\/div>\n\t\t\t\t\t\t<\/div>\n\t\t\t\t\t\t<\/div>\n\t\t\t\t\t<\/div>\n\t\t\t\t<\/div>\n\t\t\t\t<\/div>\n\t\t","protected":false},"excerpt":{"rendered":"<p>T\u0142umaczenia HHCE to sprawdzone biuro t\u0142umacze\u0144. Przet\u0142umaczyli\u015bmy setki milion\u00f3w s\u0142\u00f3w, wi\u0119c mo\u017cliwe, \u017ce zdarzy\u0142o ci si\u0119 ju\u017c mie\u0107 do czynienia z naszym tekstem, cho\u0107 nawet o tym nie wiesz. Tak w\u0142a\u015bnie powinno by\u0107. Czytaj\u0105c t\u0142umaczenie, odbiorca nie powinien czu\u0107, \u017ce ma przed sob\u0105 przek\u0142ad. Kontakt Rodzimi u\u017cytkownicy j\u0119zyk\u00f3w i nie tylko Nie musimy chyba nawet [&hellip;]<\/p>\n","protected":false},"author":1,"featured_media":0,"parent":0,"menu_order":0,"comment_status":"closed","ping_status":"closed","template":"","meta":{"footnotes":""},"class_list":["post-1994","page","type-page","status-publish","hentry"],"_links":{"self":[{"href":"https:\/\/hhce.eu\/pl\/wp-json\/wp\/v2\/pages\/1994","targetHints":{"allow":["GET"]}}],"collection":[{"href":"https:\/\/hhce.eu\/pl\/wp-json\/wp\/v2\/pages"}],"about":[{"href":"https:\/\/hhce.eu\/pl\/wp-json\/wp\/v2\/types\/page"}],"author":[{"embeddable":true,"href":"https:\/\/hhce.eu\/pl\/wp-json\/wp\/v2\/users\/1"}],"replies":[{"embeddable":true,"href":"https:\/\/hhce.eu\/pl\/wp-json\/wp\/v2\/comments?post=1994"}],"version-history":[{"count":0,"href":"https:\/\/hhce.eu\/pl\/wp-json\/wp\/v2\/pages\/1994\/revisions"}],"wp:attachment":[{"href":"https:\/\/hhce.eu\/pl\/wp-json\/wp\/v2\/media?parent=1994"}],"curies":[{"name":"wp","href":"https:\/\/api.w.org\/{rel}","templated":true}]}}