{"id":2008,"date":"2025-07-31T14:48:31","date_gmt":"2025-07-31T12:48:31","guid":{"rendered":"https:\/\/hhce.eu\/ubezpieczenia\/"},"modified":"2025-12-18T15:10:21","modified_gmt":"2025-12-18T14:10:21","slug":"ubezpieczenia","status":"publish","type":"page","link":"https:\/\/hhce.eu\/pl\/ubezpieczenia\/","title":{"rendered":"Ubezpieczenia"},"content":{"rendered":"\t\t<div data-elementor-type=\"wp-page\" data-elementor-id=\"2008\" class=\"elementor elementor-2008 elementor-409\" data-elementor-post-type=\"page\">\n\t\t\t\t<div class=\"elementor-element elementor-element-46a51c0 e-flex e-con-boxed e-con e-parent\" data-id=\"46a51c0\" data-element_type=\"container\">\n\t\t\t\t\t<div class=\"e-con-inner\">\n\t\t\t\t<div class=\"elementor-element elementor-element-37c8e72 elementor-position-inline-start elementor-view-default elementor-mobile-position-block-start elementor-widget elementor-widget-icon-box\" data-id=\"37c8e72\" data-element_type=\"widget\" data-widget_type=\"icon-box.default\">\n\t\t\t\t\t\t\t<div class=\"elementor-icon-box-wrapper\">\n\n\t\t\t\t\t\t<div class=\"elementor-icon-box-icon\">\n\t\t\t\t<span  class=\"elementor-icon\">\n\t\t\t\t<svg xmlns=\"http:\/\/www.w3.org\/2000\/svg\" xmlns:xlink=\"http:\/\/www.w3.org\/1999\/xlink\" width=\"144\" height=\"144\" viewBox=\"0 0 144 144\"><defs><clipPath id=\"clip-path\"><rect id=\"Rectangle_22\" data-name=\"Rectangle 22\" width=\"144\" height=\"144\" transform=\"translate(-8)\"><\/rect><\/clipPath><\/defs><g id=\"icon_insurance_black\" transform=\"translate(8)\" clip-path=\"url(#clip-path)\"><path id=\"Path_23\" data-name=\"Path 23\" d=\"M41.89,56.75a1.483,1.483,0,0,0,2.581.1C52.827,43.129,74.541,42.8,82.6,56.839a1.482,1.482,0,0,0,2.575-.016c7.388-13.652,28.422-13.857,37.9-.51.618.871,2.478,1.014,2.478-.053C125.56,40.113,113.8,0,63.592,0,15.77,0,0,40.923,0,57.078c0,1.1,1.841,1.031,2.432.1C11.29,43.2,34.777,42.915,41.89,56.75\" transform=\"translate(0 0.001)\"><\/path><path id=\"Path_24\" data-name=\"Path 24\" d=\"M58.123,93.1V36.031h-8.9V93.1c0,7.61-4.888,10.311-9.075,10.311-4.645,0-9.332-3.187-9.332-10.311V88.646h-8.9V93.1c0,12.611,9.17,19.21,18.231,19.21,8.932,0,17.974-6.6,17.974-19.21\" transform=\"translate(10.59 17.409)\"><\/path><path id=\"Path_25\" data-name=\"Path 25\" d=\"M69.552,49.653a20.161,20.161,0,0,0-12.869,4.713Q50.8,59.072,50.8,64.409V75.082a32.561,32.561,0,0,0,1.8,10.28,17.737,17.737,0,0,0,5.728,8.553c3.589,3.106,18.1,2.873,22.286,0,3.976-2.73,4.967-4.856,6.272-8.567a30.715,30.715,0,0,0,1.578-10.266V64.409q0-5.179-5.965-9.965a20.284,20.284,0,0,0-12.946-4.791\" transform=\"translate(24.543 21.991)\"><\/path><path id=\"Path_26\" data-name=\"Path 26\" d=\"M86.988,84.864a63.531,63.531,0,0,0-24.957,0c-18.28,3.819-20.7,18.149-20.7,18.149a2.287,2.287,0,0,0,2.068,2.321h61.532a1.944,1.944,0,0,0,2.148-1.838S105.593,88.41,86.988,84.864\" transform=\"translate(19.968 38.401)\"><\/path><\/g><\/svg>\t\t\t\t<\/span>\n\t\t\t<\/div>\n\t\t\t\n\t\t\t\t\t\t<div class=\"elementor-icon-box-content\">\n\n\t\t\t\t\t\t\t\t\t<h1 class=\"elementor-icon-box-title\">\n\t\t\t\t\t\t<span  >\n\t\t\t\t\t\t\tUbezpieczenia\t\t\t\t\t\t<\/span>\n\t\t\t\t\t<\/h1>\n\t\t\t\t\n\t\t\t\t\t\t\t\t\t<p class=\"elementor-icon-box-description\">\n\t\t\t\t\t\tUbezpieczenia s\u0105 szczeg\u00f3lnie z\u0142o\u017con\u0105 dziedzin\u0105, kt\u00f3r\u0105 traktujemy niezwykle powa\u017cnie. Ubezpieczenie to wa\u017cny produkt, kt\u00f3ry zapewnia spok\u00f3j ducha osobom prywatnym i firmom. Je\u015bli t\u0142umaczenia wymaga polisa b\u0105d\u017a przewodnik po produkcie, musi si\u0119 tym sumiennie zaj\u0105\u0107 osoba, kt\u00f3ra rozumie, o co chodzi w ubezpieczeniach.\n\t\t\t\t\t<\/p>\n\t\t\t\t\n\t\t\t<\/div>\n\t\t\t\n\t\t<\/div>\n\t\t\t\t\t\t<\/div>\n\t\t\t\t<div class=\"elementor-element elementor-element-d1fc4f4 caret-white elementor-widget elementor-widget-button\" data-id=\"d1fc4f4\" data-element_type=\"widget\" data-widget_type=\"button.default\">\n\t\t\t\t\t\t\t\t\t\t<a class=\"elementor-button elementor-button-link elementor-size-sm\" href=\"https:\/\/hhce.eu\/pl\/kontakt\/\">\n\t\t\t\t\t\t<span class=\"elementor-button-content-wrapper\">\n\t\t\t\t\t\t<span class=\"elementor-button-icon\">\n\t\t\t\t<svg aria-hidden=\"true\" class=\"e-font-icon-svg e-fas-caret-right\" viewBox=\"0 0 192 512\" xmlns=\"http:\/\/www.w3.org\/2000\/svg\"><path d=\"M0 384.662V127.338c0-17.818 21.543-26.741 34.142-14.142l128.662 128.662c7.81 7.81 7.81 20.474 0 28.284L34.142 398.804C21.543 411.404 0 402.48 0 384.662z\"><\/path><\/svg>\t\t\t<\/span>\n\t\t\t\t\t\t\t\t\t<span class=\"elementor-button-text\">Kontakt<\/span>\n\t\t\t\t\t<\/span>\n\t\t\t\t\t<\/a>\n\t\t\t\t\t\t\t\t<\/div>\n\t\t\t\t\t<\/div>\n\t\t\t\t<\/div>\n\t\t<div class=\"elementor-element elementor-element-73a5a8e e-con-full e-flex e-con e-parent\" data-id=\"73a5a8e\" data-element_type=\"container\" data-settings=\"{&quot;background_background&quot;:&quot;classic&quot;}\">\n\t\t<div class=\"elementor-element elementor-element-6827c78 e-con-full e-flex e-con e-child\" data-id=\"6827c78\" data-element_type=\"container\">\n\t\t\t\t<div class=\"elementor-element elementor-element-ec8fc5e elementor-widget elementor-widget-heading\" data-id=\"ec8fc5e\" data-element_type=\"widget\" data-widget_type=\"heading.default\">\n\t\t\t\t\t<h2 class=\"elementor-heading-title elementor-size-default\">Polisy ubezpieczeniowe<\/h2>\t\t\t\t<\/div>\n\t\t\t\t<div class=\"elementor-element elementor-element-41d2f78 elementor-widget elementor-widget-heading\" data-id=\"41d2f78\" data-element_type=\"widget\" data-widget_type=\"heading.default\">\n\t\t\t\t\t<h3 class=\"elementor-heading-title elementor-size-default\">Dok\u0142adnie tak wygl\u0105da polisa ubezpieczeniowa w j\u0119zyku docelowym!\n\n<\/h3>\t\t\t\t<\/div>\n\t\t\t\t<div class=\"elementor-element elementor-element-92221c7 elementor-widget elementor-widget-text-editor\" data-id=\"92221c7\" data-element_type=\"widget\" data-widget_type=\"text-editor.default\">\n\t\t\t\t\t\t\t\t\t<section class=\"section-content highlight-background-50-r twee-koloms-50\"><div class=\"container\"><div class=\"row\"><div class=\"col-12 col-md-6\"><div><p>HHCE t\u0142umaczy polisy ubezpieczeniowe, stosuj\u0105c odpowiednie terminy i fachowy \u017cargon. Cytuj\u0105c s\u0142owa jednego z naszych partner\u00f3w: \u201ePolisa przet\u0142umaczona przez HHCE tak naprawd\u0119 nie jest t\u0142umaczeniem \u2013 dok\u0142adnie tak wygl\u0105da polisa ubezpieczeniowa w j\u0119zyku docelowym\u201d. Do takiego efektu zawsze d\u0105\u017cymy, dlatego \u017cmudnie przeszukujemy polisy z ca\u0142ego \u015bwiata i sprawdzamy stosowane w nich terminy i j\u0119zyk. To jednak nie wszystko \u2013 t\u0142umaczenie musi by\u0107 jasne, by ubezpieczeni wiedzieli, do czego s\u0105 uprawnieni.<\/p><\/div><\/div><\/div><\/div><\/section>\t\t\t\t\t\t\t\t<\/div>\n\t\t\t\t<\/div>\n\t\t<div class=\"elementor-element elementor-element-8ae084b e-con-full e-flex e-con e-child\" data-id=\"8ae084b\" data-element_type=\"container\">\n\t\t\t\t<div class=\"elementor-element elementor-element-eeff99e elementor-widget elementor-widget-image\" data-id=\"eeff99e\" data-element_type=\"widget\" data-widget_type=\"image.default\">\n\t\t\t\t\t\t\t\t\t\t\t\t\t\t\t<img fetchpriority=\"high\" decoding=\"async\" width=\"746\" height=\"706\" src=\"https:\/\/hhce.eu\/wp-content\/uploads\/2025\/07\/insurance-translations_03-750-750.jpg\" class=\"attachment-full size-full wp-image-1025\" alt=\"\" srcset=\"https:\/\/hhce.eu\/wp-content\/uploads\/2025\/07\/insurance-translations_03-750-750.jpg 746w, https:\/\/hhce.eu\/wp-content\/uploads\/2025\/07\/insurance-translations_03-750-750-300x284.jpg 300w\" sizes=\"(max-width: 746px) 100vw, 746px\" \/>\t\t\t\t\t\t\t\t\t\t\t\t\t\t\t<\/div>\n\t\t\t\t<\/div>\n\t\t\t\t<\/div>\n\t\t<div class=\"elementor-element elementor-element-6a68630 e-flex e-con-boxed e-con e-parent\" data-id=\"6a68630\" data-element_type=\"container\">\n\t\t\t\t\t<div class=\"e-con-inner\">\n\t\t\t\t<div class=\"elementor-element elementor-element-2781024 elementor-widget elementor-widget-heading\" data-id=\"2781024\" data-element_type=\"widget\" data-widget_type=\"heading.default\">\n\t\t\t\t\t<h2 class=\"elementor-heading-title elementor-size-default\">Ale r\u00f3wnie\u017c...<\/h2>\t\t\t\t<\/div>\n\t\t\t\t<div class=\"elementor-element elementor-element-108f89e elementor-widget elementor-widget-heading\" data-id=\"108f89e\" data-element_type=\"widget\" data-widget_type=\"heading.default\">\n\t\t\t\t\t<h3 class=\"elementor-heading-title elementor-size-default\">karty ubezpieczenia, listy kontrolne, warunki i wiele innych rodzaj\u00f3w dokument\u00f3w\n\n<\/h3>\t\t\t\t<\/div>\n\t\t\t\t<div class=\"elementor-element elementor-element-4d90eb7 elementor-widget elementor-widget-text-editor\" data-id=\"4d90eb7\" data-element_type=\"widget\" data-widget_type=\"text-editor.default\">\n\t\t\t\t\t\t\t\t\t<section class=\"section-content\"><div class=\"container\"><div class=\"row justify-content-center\"><div class=\"col-12\"><div><p>Specyfikacja warunk\u00f3w to nie wszystko, co otrzymujesz wraz z ubezpieczeniem. Istnieje r\u00f3wnie\u017c wiele innych dokument\u00f3w ubezpieczeniowych, a ka\u017cdy z nich ma w\u0142asny cel, \u017cargon i styl. Mog\u0105 to by\u0107 warunki, listy kontrolne, wyceny, karty ubezpieczenia, przewodniki po produktach, formularze wniosk\u00f3w i pisma dotycz\u0105ce odnowienia polisy. Cho\u0107 broszura wymaga innego stylu ni\u017c warunki ubezpieczenia, poszczeg\u00f3lne terminy musz\u0105 by\u0107 sp\u00f3jnie przet\u0142umaczone w obu takich dokumentach. To co\u015b, o czym nigdy nie zapominamy. Osoby ubezpieczone powinny w swoim j\u0119zyku rozumie\u0107, co dok\u0142adnie wchodzi w zakres ubezpieczenia.<\/p><\/div><\/div><\/div><\/div><\/section><section class=\"section-content highlight-background-50-r twee-koloms-50\"><div class=\"bg-image hidden-xs\">\u00a0<\/div><\/section>\t\t\t\t\t\t\t\t<\/div>\n\t\t\t\t\t<\/div>\n\t\t\t\t<\/div>\n\t\t<div class=\"elementor-element elementor-element-f09c312 e-con-full e-flex e-con e-parent\" data-id=\"f09c312\" data-element_type=\"container\" data-settings=\"{&quot;background_background&quot;:&quot;classic&quot;}\">\n\t\t<div class=\"elementor-element elementor-element-debcd40 e-con-full e-flex e-con e-child\" data-id=\"debcd40\" data-element_type=\"container\">\n\t\t\t\t<div class=\"elementor-element elementor-element-bf91c92 elementor-widget elementor-widget-heading\" data-id=\"bf91c92\" data-element_type=\"widget\" data-widget_type=\"heading.default\">\n\t\t\t\t\t<h2 class=\"elementor-heading-title elementor-size-default\">Dostawcy ubezpiecze\u0144 zdrowotnych<\/h2>\t\t\t\t<\/div>\n\t\t\t\t<div class=\"elementor-element elementor-element-4fd8e45 elementor-widget elementor-widget-heading\" data-id=\"4fd8e45\" data-element_type=\"widget\" data-widget_type=\"heading.default\">\n\t\t\t\t\t<h3 class=\"elementor-heading-title elementor-size-default\">Sumienne t\u0142umaczenia\n<\/h3>\t\t\t\t<\/div>\n\t\t\t\t<div class=\"elementor-element elementor-element-5f06695 elementor-widget elementor-widget-text-editor\" data-id=\"5f06695\" data-element_type=\"widget\" data-widget_type=\"text-editor.default\">\n\t\t\t\t\t\t\t\t\t<section class=\"section-content highlight-background-50-r twee-koloms-50\"><div class=\"container\"><div class=\"row\"><div class=\"col-12 col-md-6\"><div><p>Firmy zapewniaj\u0105ce ubezpieczenia zdrowotne maj\u0105 konkretne, szczeg\u00f3\u0142owe wymagania. I s\u0142usznie \u2013 zdrowie jest przecie\u017c najwa\u017cniejsz\u0105 rzecz\u0105, jak\u0105 posiadamy, a odpowiednie ubezpieczenie to sprawa \u017cycia i \u015bmierci. Od dobrego t\u0142umaczenia zale\u017cy wi\u0119c bardzo wiele. W\u0142a\u015bnie z tego powodu dostawcy ubezpiecze\u0144 zdrowotnych ceni\u0105 sobie nasz\u0105 dok\u0142adno\u015b\u0107. Pos\u0142ugujemy si\u0119 r\u00f3wnie\u017c w\u0142a\u015bciw\u0105 terminologi\u0105 medyczn\u0105, by osoby obj\u0119te ochron\u0105 rozumia\u0142y, co wchodzi w zakres ubezpieczenia. Nic wi\u0119c dziwnego, \u017ce od lat naszym sta\u0142ym klientem jest ONVZ, a CZ wybra\u0142o HHCE na swojego preferowanego dostawc\u0119.<\/p><\/div><\/div><\/div><\/div><\/section><section class=\"section-content ct-image-bottom\"><div class=\"container\"><div class=\"row @*align-items-center*@\"><div class=\"col-12 col-md-6 image-top \"><div>\u00a0<\/div><\/div><\/div><\/div><\/section>\t\t\t\t\t\t\t\t<\/div>\n\t\t\t\t<\/div>\n\t\t<div class=\"elementor-element elementor-element-a812637 e-con-full e-flex e-con e-child\" data-id=\"a812637\" data-element_type=\"container\">\n\t\t\t\t<div class=\"elementor-element elementor-element-ee7f443 elementor-widget elementor-widget-image\" data-id=\"ee7f443\" data-element_type=\"widget\" data-widget_type=\"image.default\">\n\t\t\t\t\t\t\t\t\t\t\t\t\t\t\t<img decoding=\"async\" width=\"801\" height=\"801\" src=\"https:\/\/hhce.eu\/wp-content\/uploads\/2025\/07\/insurance-translations_02-800-800.jpg\" class=\"attachment-full size-full wp-image-1031\" alt=\"\" srcset=\"https:\/\/hhce.eu\/wp-content\/uploads\/2025\/07\/insurance-translations_02-800-800.jpg 801w, https:\/\/hhce.eu\/wp-content\/uploads\/2025\/07\/insurance-translations_02-800-800-300x300.jpg 300w, https:\/\/hhce.eu\/wp-content\/uploads\/2025\/07\/insurance-translations_02-800-800-150x150.jpg 150w, https:\/\/hhce.eu\/wp-content\/uploads\/2025\/07\/insurance-translations_02-800-800-768x768.jpg 768w\" sizes=\"(max-width: 801px) 100vw, 801px\" \/>\t\t\t\t\t\t\t\t\t\t\t\t\t\t\t<\/div>\n\t\t\t\t<\/div>\n\t\t\t\t<\/div>\n\t\t<div class=\"elementor-element elementor-element-f840bc6 e-flex e-con-boxed e-con e-parent\" data-id=\"f840bc6\" data-element_type=\"container\" data-settings=\"{&quot;background_background&quot;:&quot;classic&quot;}\">\n\t\t\t\t\t<div class=\"e-con-inner\">\n\t\t<div class=\"elementor-element elementor-element-2c71788 e-con-full e-flex e-con e-child\" data-id=\"2c71788\" data-element_type=\"container\">\n\t\t\t\t<div class=\"elementor-element elementor-element-5484ff0 elementor-widget elementor-widget-heading\" data-id=\"5484ff0\" data-element_type=\"widget\" data-widget_type=\"heading.default\">\n\t\t\t\t\t<h2 class=\"elementor-heading-title elementor-size-default\">Masz pytania dotycz\u0105ce sektora ubezpiecze\u0144?\n<\/h2>\t\t\t\t<\/div>\n\t\t\t\t<div class=\"elementor-element elementor-element-7553541 elementor-widget elementor-widget-text-editor\" data-id=\"7553541\" data-element_type=\"widget\" data-widget_type=\"text-editor.default\">\n\t\t\t\t\t\t\t\t\t<p>Od dawna zajmujemy si\u0119 t\u0142umaczeniami dla r\u00f3\u017cnych firm ubezpieczeniowych, wi\u0119c doskonale wiemy, jak wa\u017cne jest zlecenie t\u0142umaczenia w\u0142a\u015bciwej osobie. Wsp\u00f3lnie z klientem starannie analizujemy jego potrzeby.<\/p>\t\t\t\t\t\t\t\t<\/div>\n\t\t\t\t<div class=\"elementor-element elementor-element-05b0d44 elementor-mobile-align-left caret-indent elementor-widget elementor-widget-button\" data-id=\"05b0d44\" data-element_type=\"widget\" data-widget_type=\"button.default\">\n\t\t\t\t\t\t\t\t\t\t<a class=\"elementor-button elementor-button-link elementor-size-sm\" href=\"https:\/\/hhce.eu\/pl\/kontakt\/\">\n\t\t\t\t\t\t<span class=\"elementor-button-content-wrapper\">\n\t\t\t\t\t\t<span class=\"elementor-button-icon\">\n\t\t\t\t<svg aria-hidden=\"true\" class=\"e-font-icon-svg e-fas-caret-right\" viewBox=\"0 0 192 512\" xmlns=\"http:\/\/www.w3.org\/2000\/svg\"><path d=\"M0 384.662V127.338c0-17.818 21.543-26.741 34.142-14.142l128.662 128.662c7.81 7.81 7.81 20.474 0 28.284L34.142 398.804C21.543 411.404 0 402.48 0 384.662z\"><\/path><\/svg>\t\t\t<\/span>\n\t\t\t\t\t\t\t\t\t<span class=\"elementor-button-text\">Skontaktuj si\u0119 z nami<\/span>\n\t\t\t\t\t<\/span>\n\t\t\t\t\t<\/a>\n\t\t\t\t\t\t\t\t<\/div>\n\t\t\t\t<\/div>\n\t\t<div class=\"elementor-element elementor-element-68756a3 e-con-full e-flex e-con e-child\" data-id=\"68756a3\" data-element_type=\"container\">\n\t\t\t\t<div class=\"elementor-element elementor-element-7239783 team-member elementor-widget elementor-widget-image\" data-id=\"7239783\" data-element_type=\"widget\" data-widget_type=\"image.default\">\n\t\t\t\t\t\t\t\t\t\t\t\t\t\t\t<img decoding=\"async\" width=\"800\" height=\"820\" src=\"https:\/\/hhce.eu\/wp-content\/uploads\/2025\/07\/alison-web-2.png\" class=\"attachment-large size-large wp-image-1037\" alt=\"\" srcset=\"https:\/\/hhce.eu\/wp-content\/uploads\/2025\/07\/alison-web-2.png 800w, https:\/\/hhce.eu\/wp-content\/uploads\/2025\/07\/alison-web-2-293x300.png 293w, https:\/\/hhce.eu\/wp-content\/uploads\/2025\/07\/alison-web-2-768x787.png 768w\" sizes=\"(max-width: 800px) 100vw, 800px\" \/>\t\t\t\t\t\t\t\t\t\t\t\t\t\t\t<\/div>\n\t\t\t\t<\/div>\n\t\t\t\t\t<\/div>\n\t\t\t\t<\/div>\n\t\t<div class=\"elementor-element elementor-element-837548e e-flex e-con-boxed e-con e-parent\" data-id=\"837548e\" data-element_type=\"container\">\n\t\t\t\t\t<div class=\"e-con-inner\">\n\t\t<div class=\"elementor-element elementor-element-ba5e84d e-con-full e-flex e-con e-child\" data-id=\"ba5e84d\" data-element_type=\"container\">\n\t\t\t\t<div class=\"elementor-element elementor-element-c6c0d9f elementor-widget__width-initial elementor-widget elementor-widget-heading\" data-id=\"c6c0d9f\" data-element_type=\"widget\" data-widget_type=\"heading.default\">\n\t\t\t\t\t<h3 class=\"elementor-heading-title elementor-size-default\">Partnerzy<\/h3>\t\t\t\t<\/div>\n\t\t\t\t<div class=\"elementor-element elementor-element-09b24ce elementor-widget elementor-widget-n-carousel\" data-id=\"09b24ce\" data-element_type=\"widget\" data-settings=\"{&quot;carousel_items&quot;:[{&quot;slide_title&quot;:&quot;Slide #1&quot;,&quot;_id&quot;:&quot;6494b9f&quot;},{&quot;slide_title&quot;:&quot;Slide #1&quot;,&quot;_id&quot;:&quot;3090ab1&quot;},{&quot;slide_title&quot;:&quot;Slide #1&quot;,&quot;_id&quot;:&quot;df40300&quot;},{&quot;slide_title&quot;:&quot;Slide #1&quot;,&quot;_id&quot;:&quot;17f2c9e&quot;}],&quot;slides_to_show&quot;:&quot;4&quot;,&quot;autoplay_speed&quot;:2000,&quot;speed&quot;:2500,&quot;image_spacing_custom&quot;:{&quot;unit&quot;:&quot;px&quot;,&quot;size&quot;:0,&quot;sizes&quot;:[]},&quot;slides_to_show_mobile&quot;:&quot;2&quot;,&quot;slides_to_show_tablet&quot;:&quot;2&quot;,&quot;autoplay&quot;:&quot;yes&quot;,&quot;pause_on_hover&quot;:&quot;yes&quot;,&quot;pause_on_interaction&quot;:&quot;yes&quot;,&quot;infinite&quot;:&quot;yes&quot;,&quot;offset_sides&quot;:&quot;none&quot;,&quot;image_spacing_custom_tablet&quot;:{&quot;unit&quot;:&quot;px&quot;,&quot;size&quot;:&quot;&quot;,&quot;sizes&quot;:[]},&quot;image_spacing_custom_mobile&quot;:{&quot;unit&quot;:&quot;px&quot;,&quot;size&quot;:&quot;&quot;,&quot;sizes&quot;:[]}}\" data-widget_type=\"nested-carousel.default\">\n\t\t\t\t\t\t\t<div class=\"e-n-carousel swiper\" role=\"region\" aria-roledescription=\"carousel\" aria-label=\"Carousel\" dir=\"ltr\">\n\t\t\t<div class=\"swiper-wrapper\" aria-live=\"off\">\n\t\t\t\t\t\t\t\t\t\t<div class=\"swiper-slide\" data-slide=\"1\" role=\"group\" aria-roledescription=\"slide\" aria-label=\"1 of 4\">\n\t\t\t\t\t\t\t<div class=\"elementor-element elementor-element-e762f65 e-flex e-con-boxed e-con e-child\" data-id=\"e762f65\" data-element_type=\"container\">\n\t\t\t\t\t<div class=\"e-con-inner\">\n\t\t\t\t<div class=\"elementor-element elementor-element-a00c829 elementor-widget elementor-widget-image\" data-id=\"a00c829\" data-element_type=\"widget\" data-widget_type=\"image.default\">\n\t\t\t\t\t\t\t\t\t\t\t\t\t\t\t<img loading=\"lazy\" decoding=\"async\" width=\"196\" height=\"60\" src=\"https:\/\/hhce.eu\/wp-content\/uploads\/2025\/07\/logo_nn.svg\" class=\"attachment-large size-large wp-image-917\" alt=\"\" \/>\t\t\t\t\t\t\t\t\t\t\t\t\t\t\t<\/div>\n\t\t\t\t\t<\/div>\n\t\t\t\t<\/div>\n\t\t\t\t\t\t\t\t<\/div>\n\t\t\t\t\t\t\t\t\t\t\t<div class=\"swiper-slide\" data-slide=\"2\" role=\"group\" aria-roledescription=\"slide\" aria-label=\"2 of 4\">\n\t\t\t\t\t\t\t<div class=\"elementor-element elementor-element-2d8e053 e-flex e-con-boxed e-con e-child\" data-id=\"2d8e053\" data-element_type=\"container\">\n\t\t\t\t\t<div class=\"e-con-inner\">\n\t\t\t\t<div class=\"elementor-element elementor-element-962658b elementor-widget elementor-widget-image\" data-id=\"962658b\" data-element_type=\"widget\" data-widget_type=\"image.default\">\n\t\t\t\t\t\t\t\t\t\t\t\t\t\t\t<img loading=\"lazy\" decoding=\"async\" width=\"117\" height=\"108\" src=\"https:\/\/hhce.eu\/wp-content\/uploads\/2025\/07\/logo_cz.svg\" class=\"attachment-large size-large wp-image-965\" alt=\"\" \/>\t\t\t\t\t\t\t\t\t\t\t\t\t\t\t<\/div>\n\t\t\t\t\t<\/div>\n\t\t\t\t<\/div>\n\t\t\t\t\t\t\t\t<\/div>\n\t\t\t\t\t\t\t\t\t\t\t<div class=\"swiper-slide\" data-slide=\"3\" role=\"group\" aria-roledescription=\"slide\" aria-label=\"3 of 4\">\n\t\t\t\t\t\t\t<div class=\"elementor-element elementor-element-84666a7 e-flex e-con-boxed e-con e-child\" data-id=\"84666a7\" data-element_type=\"container\">\n\t\t\t\t\t<div class=\"e-con-inner\">\n\t\t\t\t<div class=\"elementor-element elementor-element-dce57d9 elementor-widget elementor-widget-image\" data-id=\"dce57d9\" data-element_type=\"widget\" data-widget_type=\"image.default\">\n\t\t\t\t\t\t\t\t\t\t\t\t\t\t\t<img loading=\"lazy\" decoding=\"async\" width=\"282\" height=\"150\" src=\"https:\/\/hhce.eu\/wp-content\/uploads\/2025\/07\/logo_onvz.svg\" class=\"attachment-large size-large wp-image-875\" alt=\"\" \/>\t\t\t\t\t\t\t\t\t\t\t\t\t\t\t<\/div>\n\t\t\t\t\t<\/div>\n\t\t\t\t<\/div>\n\t\t\t\t\t\t\t\t<\/div>\n\t\t\t\t\t\t\t\t\t\t\t<div class=\"swiper-slide\" data-slide=\"4\" role=\"group\" aria-roledescription=\"slide\" aria-label=\"4 of 4\">\n\t\t\t\t\t\t\t<div class=\"elementor-element elementor-element-efda9d6 e-flex e-con-boxed e-con e-child\" data-id=\"efda9d6\" data-element_type=\"container\">\n\t\t\t\t\t<div class=\"e-con-inner\">\n\t\t\t\t<div class=\"elementor-element elementor-element-e379dfa elementor-widget elementor-widget-image\" data-id=\"e379dfa\" data-element_type=\"widget\" data-widget_type=\"image.default\">\n\t\t\t\t\t\t\t\t\t\t\t\t\t\t\t<img loading=\"lazy\" decoding=\"async\" width=\"129\" height=\"32\" src=\"https:\/\/hhce.eu\/wp-content\/uploads\/2025\/07\/logo_ing.svg\" class=\"attachment-large size-large wp-image-941\" alt=\"\" \/>\t\t\t\t\t\t\t\t\t\t\t\t\t\t\t<\/div>\n\t\t\t\t\t<\/div>\n\t\t\t\t<\/div>\n\t\t\t\t\t\t\t\t<\/div>\n\t\t\t\t\t\t\t\t<\/div>\n\t\t<\/div>\n\t\t\t\t\t\t<\/div>\n\t\t\t\t<\/div>\n\t\t\t\t\t<\/div>\n\t\t\t\t<\/div>\n\t\t<div class=\"elementor-element elementor-element-0a674d4 e-flex e-con-boxed e-con e-parent\" data-id=\"0a674d4\" data-element_type=\"container\">\n\t\t\t\t\t<div class=\"e-con-inner\">\n\t\t\t\t<div class=\"elementor-element elementor-element-4d1dd81 elementor-widget elementor-widget-text-editor\" data-id=\"4d1dd81\" data-element_type=\"widget\" data-widget_type=\"text-editor.default\">\n\t\t\t\t\t\t\t\t\t<p>Udost\u0119pnij t\u0119 stron\u0119<\/p>\t\t\t\t\t\t\t\t<\/div>\n\t\t\t\t<div class=\"elementor-element elementor-element-761ac26 elementor-share-buttons--view-icon elementor-share-buttons--skin-framed elementor-share-buttons--shape-circle elementor-share-buttons--color-custom elementor-grid-0 elementor-widget elementor-widget-share-buttons\" data-id=\"761ac26\" data-element_type=\"widget\" data-widget_type=\"share-buttons.default\">\n\t\t\t\t\t\t\t<div class=\"elementor-grid\" role=\"list\">\n\t\t\t\t\t\t\t\t<div class=\"elementor-grid-item\" role=\"listitem\">\n\t\t\t\t\t\t<div class=\"elementor-share-btn elementor-share-btn_linkedin\" role=\"button\" tabindex=\"0\" aria-label=\"Share on linkedin\">\n\t\t\t\t\t\t\t\t\t\t\t\t\t\t\t<span class=\"elementor-share-btn__icon\">\n\t\t\t\t\t\t\t\t<svg aria-hidden=\"true\" class=\"e-font-icon-svg e-fab-linkedin\" viewBox=\"0 0 448 512\" xmlns=\"http:\/\/www.w3.org\/2000\/svg\"><path d=\"M416 32H31.9C14.3 32 0 46.5 0 64.3v383.4C0 465.5 14.3 480 31.9 480H416c17.6 0 32-14.5 32-32.3V64.3c0-17.8-14.4-32.3-32-32.3zM135.4 416H69V202.2h66.5V416zm-33.2-243c-21.3 0-38.5-17.3-38.5-38.5S80.9 96 102.2 96c21.2 0 38.5 17.3 38.5 38.5 0 21.3-17.2 38.5-38.5 38.5zm282.1 243h-66.4V312c0-24.8-.5-56.7-34.5-56.7-34.6 0-39.9 27-39.9 54.9V416h-66.4V202.2h63.7v29.2h.9c8.9-16.8 30.6-34.5 62.9-34.5 67.2 0 79.7 44.3 79.7 101.9V416z\"><\/path><\/svg>\t\t\t\t\t\t\t<\/span>\n\t\t\t\t\t\t\t\t\t\t\t\t\t\t\t\t\t\t\t\t<\/div>\n\t\t\t\t\t<\/div>\n\t\t\t\t\t\t\t\t\t<div class=\"elementor-grid-item\" role=\"listitem\">\n\t\t\t\t\t\t<div class=\"elementor-share-btn elementor-share-btn_twitter\" role=\"button\" tabindex=\"0\" aria-label=\"Share on twitter\">\n\t\t\t\t\t\t\t\t\t\t\t\t\t\t\t<span class=\"elementor-share-btn__icon\">\n\t\t\t\t\t\t\t\t<svg aria-hidden=\"true\" class=\"e-font-icon-svg e-fab-twitter\" viewBox=\"0 0 512 512\" xmlns=\"http:\/\/www.w3.org\/2000\/svg\"><path d=\"M459.37 151.716c.325 4.548.325 9.097.325 13.645 0 138.72-105.583 298.558-298.558 298.558-59.452 0-114.68-17.219-161.137-47.106 8.447.974 16.568 1.299 25.34 1.299 49.055 0 94.213-16.568 130.274-44.832-46.132-.975-84.792-31.188-98.112-72.772 6.498.974 12.995 1.624 19.818 1.624 9.421 0 18.843-1.3 27.614-3.573-48.081-9.747-84.143-51.98-84.143-102.985v-1.299c13.969 7.797 30.214 12.67 47.431 13.319-28.264-18.843-46.781-51.005-46.781-87.391 0-19.492 5.197-37.36 14.294-52.954 51.655 63.675 129.3 105.258 216.365 109.807-1.624-7.797-2.599-15.918-2.599-24.04 0-57.828 46.782-104.934 104.934-104.934 30.213 0 57.502 12.67 76.67 33.137 23.715-4.548 46.456-13.32 66.599-25.34-7.798 24.366-24.366 44.833-46.132 57.827 21.117-2.273 41.584-8.122 60.426-16.243-14.292 20.791-32.161 39.308-52.628 54.253z\"><\/path><\/svg>\t\t\t\t\t\t\t<\/span>\n\t\t\t\t\t\t\t\t\t\t\t\t\t\t\t\t\t\t\t\t<\/div>\n\t\t\t\t\t<\/div>\n\t\t\t\t\t\t<\/div>\n\t\t\t\t\t\t<\/div>\n\t\t\t\t\t<\/div>\n\t\t\t\t<\/div>\n\t\t\t\t<\/div>\n\t\t","protected":false},"excerpt":{"rendered":"<p>Ubezpieczenia Ubezpieczenia s\u0105 szczeg\u00f3lnie z\u0142o\u017con\u0105 dziedzin\u0105, kt\u00f3r\u0105 traktujemy niezwykle powa\u017cnie. Ubezpieczenie to wa\u017cny produkt, kt\u00f3ry zapewnia spok\u00f3j ducha osobom prywatnym i firmom. Je\u015bli t\u0142umaczenia wymaga polisa b\u0105d\u017a przewodnik po produkcie, musi si\u0119 tym sumiennie zaj\u0105\u0107 osoba, kt\u00f3ra rozumie, o co chodzi w ubezpieczeniach. Kontakt Polisy ubezpieczeniowe Dok\u0142adnie tak wygl\u0105da polisa ubezpieczeniowa w j\u0119zyku docelowym! HHCE [&hellip;]<\/p>\n","protected":false},"author":1,"featured_media":0,"parent":0,"menu_order":0,"comment_status":"closed","ping_status":"closed","template":"","meta":{"footnotes":""},"class_list":["post-2008","page","type-page","status-publish","hentry"],"_links":{"self":[{"href":"https:\/\/hhce.eu\/pl\/wp-json\/wp\/v2\/pages\/2008","targetHints":{"allow":["GET"]}}],"collection":[{"href":"https:\/\/hhce.eu\/pl\/wp-json\/wp\/v2\/pages"}],"about":[{"href":"https:\/\/hhce.eu\/pl\/wp-json\/wp\/v2\/types\/page"}],"author":[{"embeddable":true,"href":"https:\/\/hhce.eu\/pl\/wp-json\/wp\/v2\/users\/1"}],"replies":[{"embeddable":true,"href":"https:\/\/hhce.eu\/pl\/wp-json\/wp\/v2\/comments?post=2008"}],"version-history":[{"count":0,"href":"https:\/\/hhce.eu\/pl\/wp-json\/wp\/v2\/pages\/2008\/revisions"}],"wp:attachment":[{"href":"https:\/\/hhce.eu\/pl\/wp-json\/wp\/v2\/media?parent=2008"}],"curies":[{"name":"wp","href":"https:\/\/api.w.org\/{rel}","templated":true}]}}